{"id":15256,"date":"2018-01-03T15:03:50","date_gmt":"2018-01-03T14:03:50","guid":{"rendered":"https:\/\/cube-real.estate\/imprint\/"},"modified":"2025-07-14T09:47:41","modified_gmt":"2025-07-14T07:47:41","slug":"imprint","status":"publish","type":"page","link":"https:\/\/cube-real.estate\/en\/imprint\/","title":{"rendered":"Imprint"},"content":{"rendered":"\n<style type=\"text\/css\" data-created_by=\"avia_inline_auto\" id=\"style-css-av-1qsk62-e36ec178e9a39210508f55401efcd834\">\n.avia-section.av-1qsk62-e36ec178e9a39210508f55401efcd834{\nbackground-repeat:no-repeat;\nbackground-image:url(https:\/\/cube-real.estate\/wp-content\/uploads\/2020\/05\/cuberealestate_impressum_header.jpg);\nbackground-position:50% 50%;\nbackground-attachment:scroll;\n}\n.avia-section.av-1qsk62-e36ec178e9a39210508f55401efcd834 .av-section-color-overlay{\nopacity:0.4;\nbackground-color:#000000;\n}\n<\/style>\n<div id='av_section_1'  class='avia-section av-1qsk62-e36ec178e9a39210508f55401efcd834 main_color avia-section-default avia-no-border-styling  avia-builder-el-0  el_before_av_section  avia-builder-el-first  header_projektdetail avia-full-stretch avia-bg-style-scroll av-section-color-overlay-active av-minimum-height av-minimum-height-custom  container_wrap fullsize'  data-section-bg-repeat='stretch' data-av_minimum_height_px='660'><div class=\"av-section-color-overlay-wrap\"><div class=\"av-section-color-overlay\"><\/div><div class='container av-section-cont-open' style='height:660px'><main  role=\"main\" itemprop=\"mainContentOfPage\"  class='template-page content  av-content-full alpha units'><div class='post-entry post-entry-type-page post-entry-15256'><div class='entry-content-wrapper clearfix'>\n\n<style type=\"text\/css\" data-created_by=\"avia_inline_auto\" id=\"style-css-av-1mp0fu-571dc796055a8892ba79f1ebd9d8d5a5\">\n#top .hr.hr-invisible.av-1mp0fu-571dc796055a8892ba79f1ebd9d8d5a5{\nheight:150px;\n}\n<\/style>\n<div  class='hr av-1mp0fu-571dc796055a8892ba79f1ebd9d8d5a5 hr-invisible  avia-builder-el-1  el_before_av_textblock  avia-builder-el-first '><span class='hr-inner '><span class=\"hr-inner-style\"><\/span><\/span><\/div>\n\n<style type=\"text\/css\" data-created_by=\"avia_inline_auto\" id=\"style-css-av-1flrea-918fbce54bf21d8fe709cfbe796f4bfc\">\n#top .av_textblock_section.av-1flrea-918fbce54bf21d8fe709cfbe796f4bfc .avia_textblock{\ncolor:#ffffff;\n}\n<\/style>\n<section  class='av_textblock_section av-1flrea-918fbce54bf21d8fe709cfbe796f4bfc'  itemscope=\"itemscope\" itemtype=\"https:\/\/schema.org\/CreativeWork\" ><div class='avia_textblock headertext_projektdetail av_inherit_color'  itemprop=\"text\" ><h1>Imprint<\/h1>\n<\/div><\/section>\n\n<\/div><\/div><\/main><!-- close content main element --><\/div><\/div><\/div><div id='av_section_2'  class='avia-section av-1ar3l6-28c0bd556e022755149e53cc1c6f1c83 main_color avia-section-default avia-no-border-styling  avia-builder-el-3  el_after_av_section  el_before_av_section  avia-bg-style-scroll container_wrap fullsize'  ><div class='container av-section-cont-open' ><div class='template-page content  av-content-full alpha units'><div class='post-entry post-entry-type-page post-entry-15256'><div class='entry-content-wrapper clearfix'>\n\n<style type=\"text\/css\" data-created_by=\"avia_inline_auto\" id=\"style-css-av-12nyvm-534f6a9fcb30f3cc3c2b9c6a5dc08764\">\n#top .hr.hr-invisible.av-12nyvm-534f6a9fcb30f3cc3c2b9c6a5dc08764{\nheight:50px;\n}\n<\/style>\n<div  class='hr av-12nyvm-534f6a9fcb30f3cc3c2b9c6a5dc08764 hr-invisible  avia-builder-el-4  el_before_av_one_fifth  avia-builder-el-first '><span class='hr-inner '><span class=\"hr-inner-style\"><\/span><\/span><\/div>\n\n<style type=\"text\/css\" data-created_by=\"avia_inline_auto\" id=\"style-css-av-yxloq-3977664845a69fed75d7f5cf500b5871\">\n.flex_column.av-yxloq-3977664845a69fed75d7f5cf500b5871{\n-webkit-border-radius:0px 0px 0px 0px;\n-moz-border-radius:0px 0px 0px 0px;\nborder-radius:0px 0px 0px 0px;\npadding:0px 0px 0px 0px;\n}\n<\/style>\n<div class='flex_column av-yxloq-3977664845a69fed75d7f5cf500b5871 av_one_fifth  avia-builder-el-5  el_after_av_hr  el_before_av_three_fifth  first flex_column_div av-zero-column-padding '     ><\/div>\n<style type=\"text\/css\" data-created_by=\"avia_inline_auto\" id=\"style-css-av-pvonu-15f3bd36ae8ba85fb2143c44adb2c3f8\">\n.flex_column.av-pvonu-15f3bd36ae8ba85fb2143c44adb2c3f8{\n-webkit-border-radius:0px 0px 0px 0px;\n-moz-border-radius:0px 0px 0px 0px;\nborder-radius:0px 0px 0px 0px;\npadding:0px 0px 0px 0px;\n}\n<\/style>\n<div class='flex_column av-pvonu-15f3bd36ae8ba85fb2143c44adb2c3f8 av_three_fifth  avia-builder-el-6  el_after_av_one_fifth  el_before_av_one_fifth  flex_column_div av-zero-column-padding '     ><style type=\"text\/css\" data-created_by=\"avia_inline_auto\" id=\"style-css-av-m3bpm-6e22e3ec2e5ff65148fbe4a27f45c73c\">\n#top .av_textblock_section.av-m3bpm-6e22e3ec2e5ff65148fbe4a27f45c73c .avia_textblock{\nfont-size:20px;\n}\n<\/style>\n<section  class='av_textblock_section av-m3bpm-6e22e3ec2e5ff65148fbe4a27f45c73c'  itemscope=\"itemscope\" itemtype=\"https:\/\/schema.org\/CreativeWork\" ><div class='avia_textblock'  itemprop=\"text\" ><div class=\"row\">\n<div class=\"col-md-12 text-left\">\n<p><a href=\"https:\/\/www.cube-real.estate\" target=\"_blank\" rel=\"noopener\">https:\/\/www.cube-real.estate<\/a> is operated by<\/p>\n<table class=\"table table-striped\">\n<tbody>\n<tr>\n<td><strong>Address<\/strong><\/td>\n<td>Cube Real Estate AG<br \/>\nWerkst\u00e4ttenstra\u00dfe 39b<br \/>\n51379 Leverkusen<\/td>\n<\/tr>\n<tr>\n<td><strong>Contact:<\/strong><\/td>\n<td>https:\/\/www.cube-real.estate<br \/>\n<a href=\"mailto:info@cube-real.estate\">info@cube-real.estate<\/a><br \/>\nTel: +49 2171 &#8211; 75 34 111<br \/>\nFax: +49 2171 &#8211; 75 34 199<\/td>\n<\/tr>\n<tr>\n<td width=\"150\"><strong>Represented by:<\/strong><\/td>\n<td>Management Board:<br \/>\n<span style=\"font-family: inherit;\">Johannes D\u00e4hnert (Chairman)<\/span><br \/>\n<span style=\"font-family: inherit;\">Jean-Marc Fey<br \/>\nBernd H\u00fctter<br \/>\nChairman of the Supervisory Board:<br \/>\nDr. Daniel Arnold<br \/>\n<\/span><\/td>\n<\/tr>\n<tr>\n<td><strong>Register entry:<\/strong><\/td>\n<td>Registered office of the company: Leverkusen<br \/>\nRegister court: Cologne Local Court<br \/>\nRegister number: HRB 123377<\/td>\n<\/tr>\n<tr>\n<td><strong>Sales tax identification number:<\/strong><\/td>\n<td>DE 289997001<\/td>\n<\/tr>\n<\/tbody>\n<\/table>\n<h3>Disclaimer<\/h3>\n<p><strong>Liability for content<\/strong><\/p>\n<p>The contents of our pages have been created with the greatest care. However, we cannot assume any liability for the accuracy, completeness and topicality of the content. As a service provider, we are responsible for our own content on these pages in accordance with \u00a7 7 para. 1 TMG (German Telemedia Act) and general laws. According to \u00a7\u00a7 8 to 10 TMG, however, we as a service provider are not obliged to monitor transmitted or stored third-party information or to investigate circumstances that indicate illegal activity. Obligations to remove or block the use of information in accordance with general legislation remain unaffected by this. However, liability in this respect is only possible from the time of knowledge of a specific infringement. As soon as we become aware of such infringements, we will remove this content immediately.       <\/p>\n<p><strong>Liability for links<\/strong><\/p>\n<p>Our website contains links to external third-party websites over whose content we have no influence. Therefore, we cannot accept any liability for this third-party content. The respective provider or operator of the pages is always responsible for the content of the linked pages. The linked pages were checked for possible legal violations at the time of linking. Illegal content was not recognizable at the time of linking. However, permanent monitoring of the content of the linked pages is not reasonable without concrete evidence of an infringement. If we become aware of any legal infringements, we will remove such links immediately.      <\/p>\n<p><strong>Copyright<\/strong><\/p>\n<p>The content and works created by the site operators on these pages are subject to German copyright law. Duplication, processing, distribution and any form of commercialization of such material beyond the scope of the copyright law shall require the prior written consent of its respective author or creator. Downloads and copies of this site are only permitted for private, non-commercial use. Insofar as the content on this site was not created by the operator, the copyrights of third parties are respected. In particular, third-party content is identified as such. Should you nevertheless become aware of a copyright infringement, please inform us accordingly. If we become aware of any infringements, we will remove such content immediately.      <\/p>\n<\/div>\n<\/div>\n<div class=\"row\">\n<div class=\"col-md-12 text-left\">\n<p><strong>Picture credits<\/strong><\/p>\n<p><a href=\"https:\/\/www.shutterstock.com\/\">Shutterstock<\/a><br \/>\n<a href=\"https:\/\/www.istockphoto.com\/de\">iStock<\/a><br \/>\n<a href=\"https:\/\/www.videezy.com\" target=\"_blank\" rel=\"noopener\">B-Roll by Videezy<\/a><br \/>\n<a href=\"https:\/\/www.stefangatzke.de\/\">Stefan Gatzke<\/a><\/p>\n<\/div>\n<\/div>\n<\/div><\/section><\/div>\n<style type=\"text\/css\" data-created_by=\"avia_inline_auto\" id=\"style-css-av-daima-a137490b31ae599321977b6829a6a447\">\n.flex_column.av-daima-a137490b31ae599321977b6829a6a447{\n-webkit-border-radius:0px 0px 0px 0px;\n-moz-border-radius:0px 0px 0px 0px;\nborder-radius:0px 0px 0px 0px;\npadding:0px 0px 0px 0px;\n}\n<\/style>\n<div class='flex_column av-daima-a137490b31ae599321977b6829a6a447 av_one_fifth  avia-builder-el-8  el_after_av_three_fifth  avia-builder-el-last  flex_column_div av-zero-column-padding '     ><\/div><\/div><\/div><\/div><!-- close content main div --><\/div><\/div><div id='av_section_3'  class='avia-section av-8xhua-4e078dbfac22fd6ea57ca4b264585d9f main_color avia-section-default avia-no-border-styling  avia-builder-el-9  el_after_av_section  avia-builder-el-last  avia-bg-style-scroll container_wrap fullsize'  ><div class='container av-section-cont-open' ><div class='template-page content  av-content-full alpha units'><div class='post-entry post-entry-type-page post-entry-15256'><div class='entry-content-wrapper clearfix'><\/p>\n","protected":false},"excerpt":{"rendered":"","protected":false},"author":1,"featured_media":0,"parent":0,"menu_order":0,"comment_status":"closed","ping_status":"closed","template":"","meta":{"inline_featured_image":false},"folder":[1487],"yoast_head":"<!-- This site is optimized with the Yoast SEO Premium plugin v20.12 (Yoast SEO v20.12) - https:\/\/yoast.com\/wordpress\/plugins\/seo\/ -->\n<title>Here you will find the imprint of Cube Real Estate GmbH<\/title>\n<meta name=\"description\" content=\"Imprint of Cube Real Estate GmbH. Represented by: Bernd H\u00fctter, Jean-Marc Fey, Johannes D\u00e4hnert. Company headquarters: Werkst\u00e4ttenstra\u00dfe 39b, 51379 Leverkusen.\" \/>\n<meta name=\"robots\" content=\"index, follow, max-snippet:-1, max-image-preview:large, max-video-preview:-1\" \/>\n<link rel=\"canonical\" href=\"https:\/\/cube-real.estate\/en\/imprint\/\" \/>\n<meta property=\"og:locale\" content=\"en_US\" \/>\n<meta property=\"og:type\" content=\"article\" \/>\n<meta property=\"og:title\" content=\"Imprint\" \/>\n<meta property=\"og:description\" content=\"Imprint of Cube Real Estate GmbH. Represented by: Bernd H\u00fctter, Jean-Marc Fey, Johannes D\u00e4hnert. Company headquarters: Werkst\u00e4ttenstra\u00dfe 39b, 51379 Leverkusen.\" \/>\n<meta property=\"og:url\" content=\"https:\/\/cube-real.estate\/en\/imprint\/\" \/>\n<meta property=\"og:site_name\" content=\"Cube Real Estate\" \/>\n<meta property=\"article:modified_time\" content=\"2025-07-14T07:47:41+00:00\" \/>\n<meta name=\"twitter:card\" content=\"summary_large_image\" \/>\n<meta name=\"twitter:label1\" content=\"Est. reading time\" \/>\n\t<meta name=\"twitter:data1\" content=\"6 minutes\" \/>\n<script type=\"application\/ld+json\" class=\"yoast-schema-graph\">{\"@context\":\"https:\/\/schema.org\",\"@graph\":[{\"@type\":\"WebPage\",\"@id\":\"https:\/\/cube-real.estate\/en\/imprint\/\",\"url\":\"https:\/\/cube-real.estate\/en\/imprint\/\",\"name\":\"Here you will find the imprint of Cube Real Estate GmbH\",\"isPartOf\":{\"@id\":\"https:\/\/cube-real.estate\/en\/#website\"},\"datePublished\":\"2018-01-03T14:03:50+00:00\",\"dateModified\":\"2025-07-14T07:47:41+00:00\",\"description\":\"Imprint of Cube Real Estate GmbH. Represented by: Bernd H\u00fctter, Jean-Marc Fey, Johannes D\u00e4hnert. Company headquarters: Werkst\u00e4ttenstra\u00dfe 39b, 51379 Leverkusen.\",\"breadcrumb\":{\"@id\":\"https:\/\/cube-real.estate\/en\/imprint\/#breadcrumb\"},\"inLanguage\":\"en-US\",\"potentialAction\":[{\"@type\":\"ReadAction\",\"target\":[\"https:\/\/cube-real.estate\/en\/imprint\/\"]}]},{\"@type\":\"BreadcrumbList\",\"@id\":\"https:\/\/cube-real.estate\/en\/imprint\/#breadcrumb\",\"itemListElement\":[{\"@type\":\"ListItem\",\"position\":1,\"name\":\"Startseite\",\"item\":\"https:\/\/cube-real.estate\/en\/startseite\/\"},{\"@type\":\"ListItem\",\"position\":2,\"name\":\"Imprint\"}]},{\"@type\":\"WebSite\",\"@id\":\"https:\/\/cube-real.estate\/en\/#website\",\"url\":\"https:\/\/cube-real.estate\/en\/\",\"name\":\"Cube Real Estate\",\"description\":\"WE LOVE DEVELOPMENT\",\"potentialAction\":[{\"@type\":\"SearchAction\",\"target\":{\"@type\":\"EntryPoint\",\"urlTemplate\":\"https:\/\/cube-real.estate\/en\/?s={search_term_string}\"},\"query-input\":\"required name=search_term_string\"}],\"inLanguage\":\"en-US\"}]}<\/script>\n<!-- \/ Yoast SEO Premium plugin. -->","yoast_head_json":{"title":"Here you will find the imprint of Cube Real Estate GmbH","description":"Imprint of Cube Real Estate GmbH. Represented by: Bernd H\u00fctter, Jean-Marc Fey, Johannes D\u00e4hnert. Company headquarters: Werkst\u00e4ttenstra\u00dfe 39b, 51379 Leverkusen.","robots":{"index":"index","follow":"follow","max-snippet":"max-snippet:-1","max-image-preview":"max-image-preview:large","max-video-preview":"max-video-preview:-1"},"canonical":"https:\/\/cube-real.estate\/en\/imprint\/","og_locale":"en_US","og_type":"article","og_title":"Imprint","og_description":"Imprint of Cube Real Estate GmbH. Represented by: Bernd H\u00fctter, Jean-Marc Fey, Johannes D\u00e4hnert. Company headquarters: Werkst\u00e4ttenstra\u00dfe 39b, 51379 Leverkusen.","og_url":"https:\/\/cube-real.estate\/en\/imprint\/","og_site_name":"Cube Real Estate","article_modified_time":"2025-07-14T07:47:41+00:00","twitter_card":"summary_large_image","twitter_misc":{"Est. reading time":"6 minutes"},"schema":{"@context":"https:\/\/schema.org","@graph":[{"@type":"WebPage","@id":"https:\/\/cube-real.estate\/en\/imprint\/","url":"https:\/\/cube-real.estate\/en\/imprint\/","name":"Here you will find the imprint of Cube Real Estate GmbH","isPartOf":{"@id":"https:\/\/cube-real.estate\/en\/#website"},"datePublished":"2018-01-03T14:03:50+00:00","dateModified":"2025-07-14T07:47:41+00:00","description":"Imprint of Cube Real Estate GmbH. Represented by: Bernd H\u00fctter, Jean-Marc Fey, Johannes D\u00e4hnert. Company headquarters: Werkst\u00e4ttenstra\u00dfe 39b, 51379 Leverkusen.","breadcrumb":{"@id":"https:\/\/cube-real.estate\/en\/imprint\/#breadcrumb"},"inLanguage":"en-US","potentialAction":[{"@type":"ReadAction","target":["https:\/\/cube-real.estate\/en\/imprint\/"]}]},{"@type":"BreadcrumbList","@id":"https:\/\/cube-real.estate\/en\/imprint\/#breadcrumb","itemListElement":[{"@type":"ListItem","position":1,"name":"Startseite","item":"https:\/\/cube-real.estate\/en\/startseite\/"},{"@type":"ListItem","position":2,"name":"Imprint"}]},{"@type":"WebSite","@id":"https:\/\/cube-real.estate\/en\/#website","url":"https:\/\/cube-real.estate\/en\/","name":"Cube Real Estate","description":"WE LOVE DEVELOPMENT","potentialAction":[{"@type":"SearchAction","target":{"@type":"EntryPoint","urlTemplate":"https:\/\/cube-real.estate\/en\/?s={search_term_string}"},"query-input":"required name=search_term_string"}],"inLanguage":"en-US"}]}},"_links":{"self":[{"href":"https:\/\/cube-real.estate\/en\/wp-json\/wp\/v2\/pages\/15256"}],"collection":[{"href":"https:\/\/cube-real.estate\/en\/wp-json\/wp\/v2\/pages"}],"about":[{"href":"https:\/\/cube-real.estate\/en\/wp-json\/wp\/v2\/types\/page"}],"author":[{"embeddable":true,"href":"https:\/\/cube-real.estate\/en\/wp-json\/wp\/v2\/users\/1"}],"replies":[{"embeddable":true,"href":"https:\/\/cube-real.estate\/en\/wp-json\/wp\/v2\/comments?post=15256"}],"version-history":[{"count":1,"href":"https:\/\/cube-real.estate\/en\/wp-json\/wp\/v2\/pages\/15256\/revisions"}],"predecessor-version":[{"id":15260,"href":"https:\/\/cube-real.estate\/en\/wp-json\/wp\/v2\/pages\/15256\/revisions\/15260"}],"wp:attachment":[{"href":"https:\/\/cube-real.estate\/en\/wp-json\/wp\/v2\/media?parent=15256"}],"wp:term":[{"taxonomy":"folder","embeddable":true,"href":"https:\/\/cube-real.estate\/en\/wp-json\/wp\/v2\/folder?post=15256"}],"curies":[{"name":"wp","href":"https:\/\/api.w.org\/{rel}","templated":true}]}}