{"id":15205,"date":"2019-11-20T15:46:07","date_gmt":"2019-11-20T14:46:07","guid":{"rendered":"https:\/\/cube-real.estate\/award_tilman_gartmeier\/"},"modified":"2025-07-14T09:46:37","modified_gmt":"2025-07-14T07:46:37","slug":"award_tilman_gartmeier","status":"publish","type":"page","link":"https:\/\/cube-real.estate\/en\/award_tilman_gartmeier\/","title":{"rendered":"Award_Tilman_Gartmeier"},"content":{"rendered":"\n<style type=\"text\/css\" data-created_by=\"avia_inline_auto\" id=\"style-css-av-sy6p8-33b85340e7b185bc66e446080f7fd286\">\n.avia-section.av-sy6p8-33b85340e7b185bc66e446080f7fd286{\nbackground-repeat:no-repeat;\nbackground-image:url(https:\/\/cube-real.estate\/wp-content\/uploads\/2019\/11\/Header_Award_Seite.jpg);\nbackground-position:50% 100%;\nbackground-attachment:scroll;\n}\n<\/style>\n<div id='av_section_1'  class='avia-section av-sy6p8-33b85340e7b185bc66e446080f7fd286 main_color avia-section-default avia-no-border-styling  avia-builder-el-0  el_before_av_hr  avia-builder-el-first  avia-full-stretch avia-bg-style-scroll av-minimum-height av-minimum-height-custom  container_wrap fullsize'  data-section-bg-repeat='stretch' data-av_minimum_height_px='660'><div class='container av-section-cont-open' style='height:660px'><main  role=\"main\" itemprop=\"mainContentOfPage\"  class='template-page content  av-content-full alpha units'><div class='post-entry post-entry-type-page post-entry-15205'><div class='entry-content-wrapper clearfix'>\n\n<style type=\"text\/css\" data-created_by=\"avia_inline_auto\" id=\"style-css-av-s84l0-95cdefa52bbc63beef3a91ab84059305\">\n#top .av_textblock_section.av-s84l0-95cdefa52bbc63beef3a91ab84059305 .avia_textblock{\ncolor:#ffffff;\n}\n<\/style>\n<section  class='av_textblock_section av-s84l0-95cdefa52bbc63beef3a91ab84059305'  itemscope=\"itemscope\" itemtype=\"https:\/\/schema.org\/CreativeWork\" ><div class='avia_textblock headertext_projektdetail av_inherit_color'  itemprop=\"text\" ><h1 style=\"text-align: left;\">ULI Young Leadership Award<\/h1>\n<\/div><\/section>\n<\/div><\/div><\/main><!-- close content main element --><\/div><\/div><div id='after_section_1'  class='main_color av_default_container_wrap container_wrap fullsize'  ><div class='container av-section-cont-open' ><div class='template-page content  av-content-full alpha units'><div class='post-entry post-entry-type-page post-entry-15205'><div class='entry-content-wrapper clearfix'>\n\n<style type=\"text\/css\" data-created_by=\"avia_inline_auto\" id=\"style-css-av-rtws0-657c18d41ce5f8b5fc5027f034b24152\">\n#top .hr.hr-invisible.av-rtws0-657c18d41ce5f8b5fc5027f034b24152{\nheight:20px;\n}\n<\/style>\n<div  class='hr av-rtws0-657c18d41ce5f8b5fc5027f034b24152 hr-invisible  avia-builder-el-2  el_after_av_section  el_before_av_section  avia-builder-el-no-sibling '><span class='hr-inner '><span class=\"hr-inner-style\"><\/span><\/span><\/div>\n<\/div><\/div><\/div><!-- close content main div --><\/div><\/div><div id='av_section_2'  class='avia-section av-r4chg-1d77ca412d42f538c61232e1e2c2d16a main_color avia-section-default avia-no-border-styling  avia-builder-el-3  el_after_av_hr  el_before_av_section  avia-bg-style-scroll container_wrap fullsize'  ><div class='container av-section-cont-open' ><div class='template-page content  av-content-full alpha units'><div class='post-entry post-entry-type-page post-entry-15205'><div class='entry-content-wrapper clearfix'>\n\n<style type=\"text\/css\" data-created_by=\"avia_inline_auto\" id=\"style-css-av-qggas-fd0b33a4e0923ee201afd03d294dbb79\">\n.flex_column.av-qggas-fd0b33a4e0923ee201afd03d294dbb79{\n-webkit-border-radius:0px 0px 0px 0px;\n-moz-border-radius:0px 0px 0px 0px;\nborder-radius:0px 0px 0px 0px;\npadding:0px 0px 0px 0px;\n}\n<\/style>\n<div class='flex_column av-qggas-fd0b33a4e0923ee201afd03d294dbb79 av_one_fifth  avia-builder-el-4  el_before_av_three_fifth  avia-builder-el-first  first flex_column_div av-zero-column-padding '     ><\/div>\n<style type=\"text\/css\" data-created_by=\"avia_inline_auto\" id=\"style-css-av-2lxfk-a5c5775184544bb9ed0b796b051bc593\">\n.flex_column.av-2lxfk-a5c5775184544bb9ed0b796b051bc593{\n-webkit-border-radius:0px 0px 0px 0px;\n-moz-border-radius:0px 0px 0px 0px;\nborder-radius:0px 0px 0px 0px;\npadding:0px 0px 0px 0px;\n}\n<\/style>\n<div class='flex_column av-2lxfk-a5c5775184544bb9ed0b796b051bc593 av_three_fifth  avia-builder-el-5  el_after_av_one_fifth  el_before_av_one_fifth  flex_column_div av-zero-column-padding '     ><section  class='av_textblock_section av-pg8d4-ae39e5ee0d9f74b974741acaad225fc8'  itemscope=\"itemscope\" itemtype=\"https:\/\/schema.org\/CreativeWork\" ><div class='avia_textblock'  itemprop=\"text\" ><h1 style=\"text-align: center;\">INTERVIEW WITH<\/h1>\n<h1 style=\"text-align: center;\">TILMAN GARTMEIER<\/h1>\n<h3 style=\"text-align: center;\">(Winner of the ULI Young Leadership Award 2019)<\/h3>\n<\/div><\/section><br \/>\n\n<style type=\"text\/css\" data-created_by=\"avia_inline_auto\" id=\"style-css-av-rtws0-657c18d41ce5f8b5fc5027f034b24152\">\n#top .hr.hr-invisible.av-rtws0-657c18d41ce5f8b5fc5027f034b24152{\nheight:20px;\n}\n<\/style>\n<div  class='hr av-rtws0-657c18d41ce5f8b5fc5027f034b24152 hr-invisible  avia-builder-el-7  el_after_av_textblock  el_before_av_textblock '><span class='hr-inner '><span class=\"hr-inner-style\"><\/span><\/span><\/div><br \/>\n\n<style type=\"text\/css\" data-created_by=\"avia_inline_auto\" id=\"style-css-av-otqkc-bcbed605c9111fea572130f6086768ca\">\n#top .av_textblock_section.av-otqkc-bcbed605c9111fea572130f6086768ca .avia_textblock{\nfont-size:20px;\n}\n<\/style>\n<section  class='av_textblock_section av-otqkc-bcbed605c9111fea572130f6086768ca'  itemscope=\"itemscope\" itemtype=\"https:\/\/schema.org\/CreativeWork\" ><div class='avia_textblock'  itemprop=\"text\" ><h2 style=\"text-align: center;\">&#8220;We are economically successful because we are a respected part of this society&#8221;<\/h2>\n<\/div><\/section><\/p><\/div>\n<style type=\"text\/css\" data-created_by=\"avia_inline_auto\" id=\"style-css-av-oeges-1467129f209a2aa5fe3b744d3f8ed163\">\n.flex_column.av-oeges-1467129f209a2aa5fe3b744d3f8ed163{\n-webkit-border-radius:0px 0px 0px 0px;\n-moz-border-radius:0px 0px 0px 0px;\nborder-radius:0px 0px 0px 0px;\npadding:0px 0px 0px 0px;\n}\n<\/style>\n<div class='flex_column av-oeges-1467129f209a2aa5fe3b744d3f8ed163 av_one_fifth  avia-builder-el-9  el_after_av_three_fifth  el_before_av_one_fifth  flex_column_div av-zero-column-padding '     ><\/div>\n<style type=\"text\/css\" data-created_by=\"avia_inline_auto\" id=\"style-css-av-86t2ug-3ab0ca004fa363f60ae1dc3b89636be4\">\n.flex_column.av-86t2ug-3ab0ca004fa363f60ae1dc3b89636be4{\n-webkit-border-radius:0px 0px 0px 0px;\n-moz-border-radius:0px 0px 0px 0px;\nborder-radius:0px 0px 0px 0px;\npadding:0px 0px 0px 0px;\n}\n<\/style>\n<div class='flex_column av-86t2ug-3ab0ca004fa363f60ae1dc3b89636be4 av_one_fifth  avia-builder-el-10  el_after_av_one_fifth  el_before_av_three_fifth  first flex_column_div av-zero-column-padding column-top-margin'     ><\/div>\n<style type=\"text\/css\" data-created_by=\"avia_inline_auto\" id=\"style-css-av-6hmsfs-723c4925941894008c6273669e3d2336\">\n.flex_column.av-6hmsfs-723c4925941894008c6273669e3d2336{\n-webkit-border-radius:0px 0px 0px 0px;\n-moz-border-radius:0px 0px 0px 0px;\nborder-radius:0px 0px 0px 0px;\npadding:0px 0px 0px 0px;\n}\n<\/style>\n<div class='flex_column av-6hmsfs-723c4925941894008c6273669e3d2336 av_three_fifth  avia-builder-el-11  el_after_av_one_fifth  el_before_av_one_fifth  flex_column_div av-zero-column-padding column-top-margin'     ><section  class='av_textblock_section av-k38fxnf5-85e54ad943170f088ca2f0cff094a388'  itemscope=\"itemscope\" itemtype=\"https:\/\/schema.org\/CreativeWork\" ><div class='avia_textblock'  itemprop=\"text\" ><p><strong>Tilman, you received the ULI Young Leadership Award 2019 for your entrepreneurial success with Cube Real Estate. What is your recipe for success? <\/strong><\/p>\n<p>I would like to correct the question slightly. It&#8217;s not my success, it&#8217;s our success. Cube Real Estate has been around for almost seven years and in the meantime we have developed from a hidden champion among real estate project developers to a successful player in the real estate industry. This is the success of 50 wonderful personalities. At Cube Real Estate, we have managed to build a very special corporate culture and live it every day. That is what makes us successful. The keys to our project volume, which now totals 1 billion euros, are as simple as they are rare: Appreciation, cohesion and empathy lead to creativity, courage and commitment. For us, genuine corporate culture is not just a marketing phrase, but an everyday reality in a great community of personalities.       <\/p>\n<p><strong>The focus of Cube Real Estate is on small-scale residential properties. Do you want to expand this area further or are you also looking at other asset classes in the real estate industry? <\/strong><\/p>\n<p>Our focus is particularly on small-scale living spaces that are worthy of the name. For us, this currently includes student housing, micro-living, senior living and shared apartments. There is a great need for this in Germany&#8217;s metropolitan areas. Of course, as a commercial enterprise, we are growth and profit-oriented. However, our main goal is to get involved where we can create a home for people in the truest sense of the word. A home is not just concrete and glass. That&#8217;s why we don&#8217;t just focus on the pure real estate project. We empathically define its role as a living environment for the users and the neighborhood. One example: We are currently developing a project consisting of micro-apartments, senior living, shared apartments and a daycare center in Cologne-Kalk. In other words, we are bringing living environments into enriching harmony. At this location in a major city, we are also ensuring that we counteract the undersupply of kindergarten places in the district. And: we would like to subsequently manage and operate this and other projects with our subsidiaries.           <\/p>\n<p><strong>That sounds like an impressive culture of values. Is Tilman Gartmeier a do-gooder? <\/strong><\/p>\n<p>Tilman Gartmeier is an honest entrepreneur with responsibility. Without my team, without satisfied tenants and neighbors, Cube Real Estate would be just one of many project developers. For me and my team, taking responsibility means getting involved where our passion and expertise are needed. We are successful because we credibly live the balancing act between a focus on returns and responsibility for people and the environment. In 2020, Cube Real Estate will launch a charitable sustainability project that will attract attention throughout Germany. I think we are economically successful because we are a respected part of this society. We want to share part of our success with the common good. This is how Cube Real Estate defines entrepreneurial growth based on values and our positive business development proves us right.       <\/p>\n<p>Further information on the <a href=\"https:\/\/europe.uli.org\/event\/uli-germany-leadership-awards\/\" target=\"_blank\" rel=\"noopener\">ULI Young Leadership Award<\/a> can be found on the <a href=\"https:\/\/europe.uli.org\/event\/uli-germany-leadership-awards\/\" target=\"_blank\" rel=\"noopener\">website<\/a>. Insights into the projects of Cube Real Estate can be found <a href=\"https:\/\/cube-real.estate\/en\/projects\/\" target=\"_blank\" rel=\"noopener\">here<\/a>.<\/p>\n<\/div><\/section><\/div>\n<style type=\"text\/css\" data-created_by=\"avia_inline_auto\" id=\"style-css-av-65wjtk-8467d6369b55d81387d88d6d2d606f0a\">\n.flex_column.av-65wjtk-8467d6369b55d81387d88d6d2d606f0a{\n-webkit-border-radius:0px 0px 0px 0px;\n-moz-border-radius:0px 0px 0px 0px;\nborder-radius:0px 0px 0px 0px;\npadding:0px 0px 0px 0px;\n}\n<\/style>\n<div class='flex_column av-65wjtk-8467d6369b55d81387d88d6d2d606f0a av_one_fifth  avia-builder-el-13  el_after_av_three_fifth  avia-builder-el-last  flex_column_div av-zero-column-padding column-top-margin'     ><\/div><\/div><\/div><\/div><!-- close content main div --><\/div><\/div><div id='av_section_3'  class='avia-section av-2lgx7c-ae49488fa2fb4e6f46cd90a2bc41d068 main_color avia-section-default avia-no-border-styling  avia-builder-el-14  el_after_av_section  el_before_av_section  avia-bg-style-scroll container_wrap fullsize'  ><div class='container av-section-cont-open' ><div class='template-page content  av-content-full alpha units'><div class='post-entry post-entry-type-page post-entry-15205'><div class='entry-content-wrapper clearfix'><\/p>\n<\/div><\/div><\/div><!-- close content main div --><\/div><\/div><div id='av_section_4'  class='avia-section av-m7084-3676dda7250288b4ff3644ccf06b36ea main_color avia-section-default avia-no-border-styling  avia-builder-el-15  el_after_av_section  avia-builder-el-last  avia-bg-style-scroll container_wrap fullsize'  ><div class='container av-section-cont-open' ><div class='template-page content  av-content-full alpha units'><div class='post-entry post-entry-type-page post-entry-15205'><div class='entry-content-wrapper clearfix'>\n\n<style type=\"text\/css\" data-created_by=\"avia_inline_auto\" id=\"style-css-av-m0jl4-eda6e40da8e5d724d69f50b843ff6354\">\n.flex_column.av-m0jl4-eda6e40da8e5d724d69f50b843ff6354{\n-webkit-border-radius:0px 0px 0px 0px;\n-moz-border-radius:0px 0px 0px 0px;\nborder-radius:0px 0px 0px 0px;\npadding:0px 0px 0px 0px;\n}\n<\/style>\n<div class='flex_column av-m0jl4-eda6e40da8e5d724d69f50b843ff6354 av_one_third  avia-builder-el-16  el_before_av_two_third  avia-builder-el-first  first flex_column_div av-zero-column-padding '     ><style type=\"text\/css\" data-created_by=\"avia_inline_auto\" id=\"style-css-av-lepjw-771c74aaf96a1064fddccc7847f694e5\">\n.avia-image-container.av-lepjw-771c74aaf96a1064fddccc7847f694e5 img.avia_image{\nbox-shadow:none;\n}\n.avia-image-container.av-lepjw-771c74aaf96a1064fddccc7847f694e5 .av-image-caption-overlay-center{\ncolor:#ffffff;\n}\n<\/style>\n<div  class='avia-image-container av-lepjw-771c74aaf96a1064fddccc7847f694e5 av-styling- avia-align-center  avia-builder-el-17  avia-builder-el-no-sibling '   itemprop=\"image\" itemscope=\"itemscope\" itemtype=\"https:\/\/schema.org\/ImageObject\" ><div class=\"avia-image-container-inner\"><div class=\"avia-image-overlay-wrap\"><img decoding=\"async\" class='wp-image-13739 avia-img-lazy-loading-not-13739 avia_image ' src=\"https:\/\/cube-real.estate\/wp-content\/uploads\/2018\/11\/preview_Tilman_Gartmeier-.jpg\" alt='Tilman Gartmeier, Gr\u00fcnder und Gesch\u00e4ftsf\u00fchrer der Cube Real Estate GmbH' title='preview_Tilman_Gartmeier-'  height=\"599\" width=\"600\"  itemprop=\"thumbnailUrl\" srcset=\"https:\/\/cube-real.estate\/wp-content\/uploads\/2018\/11\/preview_Tilman_Gartmeier-.jpg 600w, https:\/\/cube-real.estate\/wp-content\/uploads\/2018\/11\/preview_Tilman_Gartmeier--80x80.jpg 80w, https:\/\/cube-real.estate\/wp-content\/uploads\/2018\/11\/preview_Tilman_Gartmeier--300x300.jpg 300w, https:\/\/cube-real.estate\/wp-content\/uploads\/2018\/11\/preview_Tilman_Gartmeier--36x36.jpg 36w, https:\/\/cube-real.estate\/wp-content\/uploads\/2018\/11\/preview_Tilman_Gartmeier--180x180.jpg 180w, https:\/\/cube-real.estate\/wp-content\/uploads\/2018\/11\/preview_Tilman_Gartmeier--120x120.jpg 120w, https:\/\/cube-real.estate\/wp-content\/uploads\/2018\/11\/preview_Tilman_Gartmeier--450x449.jpg 450w\" sizes=\"(max-width: 600px) 100vw, 600px\" \/><\/div><\/div><\/div><\/div>\n<style type=\"text\/css\" data-created_by=\"avia_inline_auto\" id=\"style-css-av-kguvo-c472914def8f5a4ead7628670fbf72c4\">\n.flex_column.av-kguvo-c472914def8f5a4ead7628670fbf72c4{\n-webkit-border-radius:0px 0px 0px 0px;\n-moz-border-radius:0px 0px 0px 0px;\nborder-radius:0px 0px 0px 0px;\npadding:0px 0px 0px 0px;\n}\n<\/style>\n<div class='flex_column av-kguvo-c472914def8f5a4ead7628670fbf72c4 av_two_third  avia-builder-el-18  el_after_av_one_third  avia-builder-el-last  flex_column_div av-zero-column-padding '     ><section  class='av_textblock_section av-k85zs-f098a4127ebea598e7430feaac06a297'  itemscope=\"itemscope\" itemtype=\"https:\/\/schema.org\/CreativeWork\" ><div class='avia_textblock'  itemprop=\"text\" ><h1>ABOUT THE WINNER<\/h1>\n<\/div><\/section><br \/>\n<section  class='av_textblock_section av-jmkg4-260f59589135065ceed48900f14b743a'  itemscope=\"itemscope\" itemtype=\"https:\/\/schema.org\/CreativeWork\" ><div class='avia_textblock'  itemprop=\"text\" ><header class=\"entry-content-header\">\n<h2 class=\"portfolio-preview-title entry-title\">Tilman Gartmeier<\/h2>\n<\/header>\n<div class=\"entry-content-wrapper entry-content\">\n<h4>Managing Director<\/h4>\n<p>Tilman Gartmeier graduated with a Bachelor of Science in Real Estate from the European Business School at the beginning of 2013. In the same year, he founded Student Cube GmbH, now Cube Real Estate GmbH. He is active as a managing director in the areas of strategy, acquisition, sales and financing.  <\/p>\n<\/div>\n<\/div><\/section><\/p><\/div>\n\n","protected":false},"excerpt":{"rendered":"","protected":false},"author":1,"featured_media":0,"parent":0,"menu_order":0,"comment_status":"closed","ping_status":"closed","template":"","meta":{"inline_featured_image":false},"folder":[1003],"yoast_head":"<!-- This site is optimized with the Yoast SEO Premium plugin v20.12 (Yoast SEO v20.12) - https:\/\/yoast.com\/wordpress\/plugins\/seo\/ -->\n<title>Tilman Gartmeier receives the ULI Young Leadership Award<\/title>\n<meta name=\"description\" content=\"Tilman Gartmeier founded Student Cube GmbH, now Cube Real Estate GmbH, in 2013. He has now received the ULI Young Leadership Award as Managing Director.\" \/>\n<meta name=\"robots\" content=\"index, follow, max-snippet:-1, max-image-preview:large, max-video-preview:-1\" \/>\n<link rel=\"canonical\" href=\"https:\/\/cube-real.estate\/en\/award_tilman_gartmeier\/\" \/>\n<meta property=\"og:locale\" content=\"en_US\" \/>\n<meta property=\"og:type\" content=\"article\" \/>\n<meta property=\"og:title\" content=\"Award_Tilman_Gartmeier\" \/>\n<meta property=\"og:description\" content=\"Tilman Gartmeier founded Student Cube GmbH, now Cube Real Estate GmbH, in 2013. He has now received the ULI Young Leadership Award as Managing Director.\" \/>\n<meta property=\"og:url\" content=\"https:\/\/cube-real.estate\/en\/award_tilman_gartmeier\/\" \/>\n<meta property=\"og:site_name\" content=\"Cube Real Estate\" \/>\n<meta property=\"article:modified_time\" content=\"2025-07-14T07:46:37+00:00\" \/>\n<meta property=\"og:image\" content=\"https:\/\/cube-real.estate\/wp-content\/uploads\/2019\/11\/tilman_gartmeier_cube_real_estate_award_1200x630.jpg\" \/>\n<meta name=\"twitter:card\" content=\"summary_large_image\" \/>\n<meta name=\"twitter:label1\" content=\"Est. reading time\" \/>\n\t<meta name=\"twitter:data1\" content=\"10 minutes\" \/>\n<script type=\"application\/ld+json\" class=\"yoast-schema-graph\">{\"@context\":\"https:\/\/schema.org\",\"@graph\":[{\"@type\":\"WebPage\",\"@id\":\"https:\/\/cube-real.estate\/en\/award_tilman_gartmeier\/\",\"url\":\"https:\/\/cube-real.estate\/en\/award_tilman_gartmeier\/\",\"name\":\"Tilman Gartmeier receives the ULI Young Leadership Award\",\"isPartOf\":{\"@id\":\"https:\/\/cube-real.estate\/en\/#website\"},\"datePublished\":\"2019-11-20T14:46:07+00:00\",\"dateModified\":\"2025-07-14T07:46:37+00:00\",\"description\":\"Tilman Gartmeier founded Student Cube GmbH, now Cube Real Estate GmbH, in 2013. He has now received the ULI Young Leadership Award as Managing Director.\",\"breadcrumb\":{\"@id\":\"https:\/\/cube-real.estate\/en\/award_tilman_gartmeier\/#breadcrumb\"},\"inLanguage\":\"en-US\",\"potentialAction\":[{\"@type\":\"ReadAction\",\"target\":[\"https:\/\/cube-real.estate\/en\/award_tilman_gartmeier\/\"]}]},{\"@type\":\"BreadcrumbList\",\"@id\":\"https:\/\/cube-real.estate\/en\/award_tilman_gartmeier\/#breadcrumb\",\"itemListElement\":[{\"@type\":\"ListItem\",\"position\":1,\"name\":\"Startseite\",\"item\":\"https:\/\/cube-real.estate\/en\/startseite\/\"},{\"@type\":\"ListItem\",\"position\":2,\"name\":\"Award_Tilman_Gartmeier\"}]},{\"@type\":\"WebSite\",\"@id\":\"https:\/\/cube-real.estate\/en\/#website\",\"url\":\"https:\/\/cube-real.estate\/en\/\",\"name\":\"Cube Real Estate\",\"description\":\"WE LOVE DEVELOPMENT\",\"potentialAction\":[{\"@type\":\"SearchAction\",\"target\":{\"@type\":\"EntryPoint\",\"urlTemplate\":\"https:\/\/cube-real.estate\/en\/?s={search_term_string}\"},\"query-input\":\"required name=search_term_string\"}],\"inLanguage\":\"en-US\"}]}<\/script>\n<!-- \/ Yoast SEO Premium plugin. -->","yoast_head_json":{"title":"Tilman Gartmeier receives the ULI Young Leadership Award","description":"Tilman Gartmeier founded Student Cube GmbH, now Cube Real Estate GmbH, in 2013. He has now received the ULI Young Leadership Award as Managing Director.","robots":{"index":"index","follow":"follow","max-snippet":"max-snippet:-1","max-image-preview":"max-image-preview:large","max-video-preview":"max-video-preview:-1"},"canonical":"https:\/\/cube-real.estate\/en\/award_tilman_gartmeier\/","og_locale":"en_US","og_type":"article","og_title":"Award_Tilman_Gartmeier","og_description":"Tilman Gartmeier founded Student Cube GmbH, now Cube Real Estate GmbH, in 2013. He has now received the ULI Young Leadership Award as Managing Director.","og_url":"https:\/\/cube-real.estate\/en\/award_tilman_gartmeier\/","og_site_name":"Cube Real Estate","article_modified_time":"2025-07-14T07:46:37+00:00","og_image":[{"url":"https:\/\/cube-real.estate\/wp-content\/uploads\/2019\/11\/tilman_gartmeier_cube_real_estate_award_1200x630.jpg"}],"twitter_card":"summary_large_image","twitter_misc":{"Est. reading time":"10 minutes"},"schema":{"@context":"https:\/\/schema.org","@graph":[{"@type":"WebPage","@id":"https:\/\/cube-real.estate\/en\/award_tilman_gartmeier\/","url":"https:\/\/cube-real.estate\/en\/award_tilman_gartmeier\/","name":"Tilman Gartmeier receives the ULI Young Leadership Award","isPartOf":{"@id":"https:\/\/cube-real.estate\/en\/#website"},"datePublished":"2019-11-20T14:46:07+00:00","dateModified":"2025-07-14T07:46:37+00:00","description":"Tilman Gartmeier founded Student Cube GmbH, now Cube Real Estate GmbH, in 2013. He has now received the ULI Young Leadership Award as Managing Director.","breadcrumb":{"@id":"https:\/\/cube-real.estate\/en\/award_tilman_gartmeier\/#breadcrumb"},"inLanguage":"en-US","potentialAction":[{"@type":"ReadAction","target":["https:\/\/cube-real.estate\/en\/award_tilman_gartmeier\/"]}]},{"@type":"BreadcrumbList","@id":"https:\/\/cube-real.estate\/en\/award_tilman_gartmeier\/#breadcrumb","itemListElement":[{"@type":"ListItem","position":1,"name":"Startseite","item":"https:\/\/cube-real.estate\/en\/startseite\/"},{"@type":"ListItem","position":2,"name":"Award_Tilman_Gartmeier"}]},{"@type":"WebSite","@id":"https:\/\/cube-real.estate\/en\/#website","url":"https:\/\/cube-real.estate\/en\/","name":"Cube Real Estate","description":"WE LOVE DEVELOPMENT","potentialAction":[{"@type":"SearchAction","target":{"@type":"EntryPoint","urlTemplate":"https:\/\/cube-real.estate\/en\/?s={search_term_string}"},"query-input":"required name=search_term_string"}],"inLanguage":"en-US"}]}},"_links":{"self":[{"href":"https:\/\/cube-real.estate\/en\/wp-json\/wp\/v2\/pages\/15205"}],"collection":[{"href":"https:\/\/cube-real.estate\/en\/wp-json\/wp\/v2\/pages"}],"about":[{"href":"https:\/\/cube-real.estate\/en\/wp-json\/wp\/v2\/types\/page"}],"author":[{"embeddable":true,"href":"https:\/\/cube-real.estate\/en\/wp-json\/wp\/v2\/users\/1"}],"replies":[{"embeddable":true,"href":"https:\/\/cube-real.estate\/en\/wp-json\/wp\/v2\/comments?post=15205"}],"version-history":[{"count":10,"href":"https:\/\/cube-real.estate\/en\/wp-json\/wp\/v2\/pages\/15205\/revisions"}],"predecessor-version":[{"id":15237,"href":"https:\/\/cube-real.estate\/en\/wp-json\/wp\/v2\/pages\/15205\/revisions\/15237"}],"wp:attachment":[{"href":"https:\/\/cube-real.estate\/en\/wp-json\/wp\/v2\/media?parent=15205"}],"wp:term":[{"taxonomy":"folder","embeddable":true,"href":"https:\/\/cube-real.estate\/en\/wp-json\/wp\/v2\/folder?post=15205"}],"curies":[{"name":"wp","href":"https:\/\/api.w.org\/{rel}","templated":true}]}}