{"id":15198,"date":"2025-02-05T12:15:54","date_gmt":"2025-02-05T11:15:54","guid":{"rendered":"https:\/\/cube-real.estate\/change-in-management-tilman-gartmeier-resigns-from-operational-management-with-immediate-effect\/"},"modified":"2025-07-14T09:39:45","modified_gmt":"2025-07-14T07:39:45","slug":"change-in-management-tilman-gartmeier-resigns-from-operational-management-with-immediate-effect","status":"publish","type":"page","link":"https:\/\/cube-real.estate\/en\/change-in-management-tilman-gartmeier-resigns-from-operational-management-with-immediate-effect\/","title":{"rendered":"Change in management: Tilman Gartmeier resigns from operational management with immediate effect"},"content":{"rendered":"\n<style type=\"text\/css\" data-created_by=\"avia_inline_auto\" id=\"style-css-av-sy6p8-33b85340e7b185bc66e446080f7fd286\">\n.avia-section.av-sy6p8-33b85340e7b185bc66e446080f7fd286{\nbackground-repeat:no-repeat;\nbackground-image:url(https:\/\/cube-real.estate\/wp-content\/uploads\/2019\/11\/Header_Award_Seite.jpg);\nbackground-position:50% 100%;\nbackground-attachment:scroll;\n}\n<\/style>\n<div id='av_section_1'  class='avia-section av-sy6p8-33b85340e7b185bc66e446080f7fd286 main_color avia-section-default avia-no-border-styling  avia-builder-el-0  el_before_av_hr  avia-builder-el-first  avia-full-stretch avia-bg-style-scroll av-minimum-height av-minimum-height-custom  container_wrap fullsize'  data-section-bg-repeat='stretch' data-av_minimum_height_px='660'><div class='container av-section-cont-open' style='height:660px'><main  role=\"main\" itemprop=\"mainContentOfPage\"  class='template-page content  av-content-full alpha units'><div class='post-entry post-entry-type-page post-entry-15198'><div class='entry-content-wrapper clearfix'>\n\n<style type=\"text\/css\" data-created_by=\"avia_inline_auto\" id=\"style-css-av-s84l0-95cdefa52bbc63beef3a91ab84059305\">\n#top .av_textblock_section.av-s84l0-95cdefa52bbc63beef3a91ab84059305 .avia_textblock{\ncolor:#ffffff;\n}\n<\/style>\n<section  class='av_textblock_section av-s84l0-95cdefa52bbc63beef3a91ab84059305'  itemscope=\"itemscope\" itemtype=\"https:\/\/schema.org\/CreativeWork\" ><div class='avia_textblock headertext_projektdetail av_inherit_color'  itemprop=\"text\" ><h1 style=\"text-align: left;\">News<\/h1>\n<\/div><\/section>\n<\/div><\/div><\/main><!-- close content main element --><\/div><\/div><div id='after_section_1'  class='main_color av_default_container_wrap container_wrap fullsize'  ><div class='container av-section-cont-open' ><div class='template-page content  av-content-full alpha units'><div class='post-entry post-entry-type-page post-entry-15198'><div class='entry-content-wrapper clearfix'>\n\n<style type=\"text\/css\" data-created_by=\"avia_inline_auto\" id=\"style-css-av-rtws0-657c18d41ce5f8b5fc5027f034b24152\">\n#top .hr.hr-invisible.av-rtws0-657c18d41ce5f8b5fc5027f034b24152{\nheight:20px;\n}\n<\/style>\n<div  class='hr av-rtws0-657c18d41ce5f8b5fc5027f034b24152 hr-invisible  avia-builder-el-2  el_after_av_section  el_before_av_section  avia-builder-el-no-sibling '><span class='hr-inner '><span class=\"hr-inner-style\"><\/span><\/span><\/div>\n<\/div><\/div><\/div><!-- close content main div --><\/div><\/div><div id='av_section_2'  class='avia-section av-r4chg-1d77ca412d42f538c61232e1e2c2d16a main_color avia-section-default avia-no-border-styling  avia-builder-el-3  el_after_av_hr  avia-builder-el-last  avia-bg-style-scroll container_wrap fullsize'  ><div class='container av-section-cont-open' ><div class='template-page content  av-content-full alpha units'><div class='post-entry post-entry-type-page post-entry-15198'><div class='entry-content-wrapper clearfix'>\n\n<style type=\"text\/css\" data-created_by=\"avia_inline_auto\" id=\"style-css-av-86t2ug-3ab0ca004fa363f60ae1dc3b89636be4\">\n.flex_column.av-86t2ug-3ab0ca004fa363f60ae1dc3b89636be4{\n-webkit-border-radius:0px 0px 0px 0px;\n-moz-border-radius:0px 0px 0px 0px;\nborder-radius:0px 0px 0px 0px;\npadding:0px 0px 0px 0px;\n}\n<\/style>\n<div class='flex_column av-86t2ug-3ab0ca004fa363f60ae1dc3b89636be4 av_one_fifth  avia-builder-el-4  el_before_av_three_fifth  avia-builder-el-first  first flex_column_div av-zero-column-padding '     ><\/div>\n<style type=\"text\/css\" data-created_by=\"avia_inline_auto\" id=\"style-css-av-2lxfk-c9ec48cdad59d60719ef20230311ee31\">\n.flex_column.av-2lxfk-c9ec48cdad59d60719ef20230311ee31{\n-webkit-border-radius:0px 0px 0px 0px;\n-moz-border-radius:0px 0px 0px 0px;\nborder-radius:0px 0px 0px 0px;\npadding:0px 0px 0px 0px;\n}\n<\/style>\n<div class='flex_column av-2lxfk-c9ec48cdad59d60719ef20230311ee31 av_three_fifth  avia-builder-el-5  el_after_av_one_fifth  el_before_av_one_fifth  flex_column_div av-zero-column-padding '     ><section  class='av_textblock_section av-pg8d4-561a5f25ea915593d238b2f7b4ae1ccb'  itemscope=\"itemscope\" itemtype=\"https:\/\/schema.org\/CreativeWork\" ><div class='avia_textblock'  itemprop=\"text\" ><h1 style=\"text-align: center;\"><strong>Change in management: Tilman Gartmeier resigns from operational management with immediate effect<\/strong><\/h1>\n<h3 style=\"text-align: center;\"><\/h3>\n<\/div><\/section><\/div>\n<style type=\"text\/css\" data-created_by=\"avia_inline_auto\" id=\"style-css-av-86t2ug-6-c9a60406895c45e057e1eab29d41ecd8\">\n.flex_column.av-86t2ug-6-c9a60406895c45e057e1eab29d41ecd8{\n-webkit-border-radius:0px 0px 0px 0px;\n-moz-border-radius:0px 0px 0px 0px;\nborder-radius:0px 0px 0px 0px;\npadding:0px 0px 0px 0px;\n}\n<\/style>\n<div class='flex_column av-86t2ug-6-c9a60406895c45e057e1eab29d41ecd8 av_one_fifth  avia-builder-el-7  el_after_av_three_fifth  el_before_av_one_fifth  flex_column_div av-zero-column-padding '     ><\/div>\n<style type=\"text\/css\" data-created_by=\"avia_inline_auto\" id=\"style-css-av-86t2ug-5-87011643ce415206ccdf31498a9c77fe\">\n.flex_column.av-86t2ug-5-87011643ce415206ccdf31498a9c77fe{\n-webkit-border-radius:0px 0px 0px 0px;\n-moz-border-radius:0px 0px 0px 0px;\nborder-radius:0px 0px 0px 0px;\npadding:0px 0px 0px 0px;\n}\n<\/style>\n<div class='flex_column av-86t2ug-5-87011643ce415206ccdf31498a9c77fe av_one_fifth  avia-builder-el-8  el_after_av_one_fifth  el_before_av_three_fifth  first flex_column_div av-zero-column-padding column-top-margin'     ><\/div>\n<style type=\"text\/css\" data-created_by=\"avia_inline_auto\" id=\"style-css-av-86t2ug-2-46c3cde55d62e4251b2ad35b392a9485\">\n.flex_column.av-86t2ug-2-46c3cde55d62e4251b2ad35b392a9485{\n-webkit-border-radius:0px 0px 0px 0px;\n-moz-border-radius:0px 0px 0px 0px;\nborder-radius:0px 0px 0px 0px;\npadding:0px 0px 0px 0px;\n}\n<\/style>\n<div class='flex_column av-86t2ug-2-46c3cde55d62e4251b2ad35b392a9485 av_three_fifth  avia-builder-el-9  el_after_av_one_fifth  el_before_av_one_fifth  flex_column_div av-zero-column-padding column-top-margin'     ><p>\n<style type=\"text\/css\" data-created_by=\"avia_inline_auto\" id=\"style-css-av-ln8sd6ag-6b623e15e6a7576059c245ce46586434\">\n.avia-image-container.av-ln8sd6ag-6b623e15e6a7576059c245ce46586434 img.avia_image{\nbox-shadow:none;\n}\n.avia-image-container.av-ln8sd6ag-6b623e15e6a7576059c245ce46586434 .av-image-caption-overlay-center{\ncolor:#ffffff;\n}\n<\/style>\n<div  class='avia-image-container av-ln8sd6ag-6b623e15e6a7576059c245ce46586434 av-styling- avia-align-center  avia-builder-el-10  el_before_av_hr  avia-builder-el-first '   itemprop=\"image\" itemscope=\"itemscope\" itemtype=\"https:\/\/schema.org\/ImageObject\" ><div class=\"avia-image-container-inner\"><div class=\"avia-image-overlay-wrap\"><img decoding=\"async\" class='wp-image-14670 avia-img-lazy-loading-not-14670 avia_image ' src=\"https:\/\/cube-real.estate\/wp-content\/uploads\/2025\/02\/Bernd-Huetter_Geschaeftsfuehrung.jpg\" alt='' title='Bernd H\u00fctter_Gesch\u00e4ftsf\u00fchrung'  height=\"597\" width=\"567\"  itemprop=\"thumbnailUrl\" srcset=\"https:\/\/cube-real.estate\/wp-content\/uploads\/2025\/02\/Bernd-Huetter_Geschaeftsfuehrung.jpg 567w, https:\/\/cube-real.estate\/wp-content\/uploads\/2025\/02\/Bernd-Huetter_Geschaeftsfuehrung-285x300.jpg 285w\" sizes=\"(max-width: 567px) 100vw, 567px\" \/><\/div><\/div><\/div><br \/>\n\n<style type=\"text\/css\" data-created_by=\"avia_inline_auto\" id=\"style-css-av-ln8sf9v4-4af9fee36397974f39be36301c881eee\">\n#top .hr.hr-invisible.av-ln8sf9v4-4af9fee36397974f39be36301c881eee{\nheight:50px;\n}\n<\/style>\n<div  class='hr av-ln8sf9v4-4af9fee36397974f39be36301c881eee hr-invisible  avia-builder-el-11  el_after_av_image  el_before_av_textblock '><span class='hr-inner '><span class=\"hr-inner-style\"><\/span><\/span><\/div><br \/>\n<section  class='av_textblock_section av-k38fxnf5-941c7e887302c23c7b75ad7359d81b51'  itemscope=\"itemscope\" itemtype=\"https:\/\/schema.org\/CreativeWork\" ><div class='avia_textblock'  itemprop=\"text\" ><p align=\"justify\"><b>Leverkusen, 05.02.2025<\/b><\/p>\n<p>Tilman Gartmeier, founder and managing director of Cube Real Estate, is withdrawing from the operational business at his own request with immediate effect. He will continue to work closely with the company as a shareholder. <\/p>\n<p>&#8220;After twelve exciting and successful years at Cube Real Estate, I have taken the decision to step down from the management of Cube Real Estate and all its affiliated companies. I am very happy and grateful to have played a part in the successful development and expansion of Cube Real Estate. I look forward to continuing to work closely with the company as a shareholder,&#8221; says Tilman Gartmeier.<\/p>\n<p><strong>Bernd H\u00fctter becomes new Managing Director<\/strong><\/p>\n<p>Bernd H\u00fctter is taking over as Managing Director of Cube Real Estate GmbH with immediate effect. He has been with the company since 2020 and was previously Managing Director of the company. <\/p>\n<p><strong>Cube Real Estate becomes a stock corporation<\/strong><\/p>\n<p>Cube Real Estate GmbH will shortly change its legal form to that of an AG. As part of this process, the Management Board will be expanded to include additional members who will then assume responsibility for the areas of project development, urban land-use planning, transactions, letting, marketing, IT and legal &amp; taxes.<\/p>\n<\/div><\/section><br \/>\n<div  class='hr av-jv0c8-6d3f74486989e2aee0a99eaebd59db4f hr-default  avia-builder-el-13  el_after_av_textblock  el_before_av_hr '><span class='hr-inner '><span class=\"hr-inner-style\"><\/span><\/span><\/div><br \/>\n\n<style type=\"text\/css\" data-created_by=\"avia_inline_auto\" id=\"style-css-av-tqjsqx-195b0d859d03903923bf5fbe88a03efb\">\n#top .hr.hr-invisible.av-tqjsqx-195b0d859d03903923bf5fbe88a03efb{\nheight:50px;\n}\n<\/style>\n<div  class='hr av-tqjsqx-195b0d859d03903923bf5fbe88a03efb hr-invisible  avia-builder-el-14  el_after_av_hr  el_before_av_textblock '><span class='hr-inner '><span class=\"hr-inner-style\"><\/span><\/span><\/div><br \/>\n<section  class='av_textblock_section av-2sm148-6390fa53c49b1666e13c77ecb5ec5bc5'  itemscope=\"itemscope\" itemtype=\"https:\/\/schema.org\/CreativeWork\" ><div class='avia_textblock'  itemprop=\"text\" ><p class=\"p1\"><b>Cube Real Estate GmbH<\/b><\/p>\n<p>&#8220;We love development&#8221; &#8211; three words that stand for conviction, passion and responsibility at Cube Real Estate. Our team has been setting standards in real estate project development since 2013. Our employees, business partners and investors are united by a passion for sustainable living spaces that are worthy of the name. That is why we successfully realize a project volume of over 2 billion euros. With a focus on apartments as well as neighborhood and building land development, people are at the heart of everything we do. The comprehensive field of activity for the Cube team: the complete life cycle of real estate.<\/p>\n<p><b>Press contact<br \/>\n<\/b>Cube Real Estate GmbH<br \/>\nDaniela Palos<br \/>\nPhone: +49 151 670 313 33<br \/>\nE-mail: <a href=\"mailto:palos@cube-real.estate\">palos@cube-real.estate<\/a><\/p>\n<\/div><\/section><\/p><\/div>\n<style type=\"text\/css\" data-created_by=\"avia_inline_auto\" id=\"style-css-av-86t2ug-3-562fd03c5b0151f26caa4febdf8a4e00\">\n.flex_column.av-86t2ug-3-562fd03c5b0151f26caa4febdf8a4e00{\n-webkit-border-radius:0px 0px 0px 0px;\n-moz-border-radius:0px 0px 0px 0px;\nborder-radius:0px 0px 0px 0px;\npadding:0px 0px 0px 0px;\n}\n<\/style>\n<div class='flex_column av-86t2ug-3-562fd03c5b0151f26caa4febdf8a4e00 av_one_fifth  avia-builder-el-16  el_after_av_three_fifth  avia-builder-el-last  flex_column_div av-zero-column-padding column-top-margin'     ><\/div>\n","protected":false},"excerpt":{"rendered":"<p>Tilman Gartmeier, founder and managing director of Cube Real Estate, is withdrawing from the operational business at his own request with immediate effect. He will continue to work closely with the company as a shareholder. <\/p>\n","protected":false},"author":11,"featured_media":14670,"parent":0,"menu_order":0,"comment_status":"closed","ping_status":"closed","template":"","meta":{"inline_featured_image":false},"folder":[1003],"yoast_head":"<!-- This site is optimized with the Yoast SEO Premium plugin v20.12 (Yoast SEO v20.12) - https:\/\/yoast.com\/wordpress\/plugins\/seo\/ -->\n<title>Tilman Gartmeier, founder and managing director of Cube Real Estate, is withdrawing from the operational business at his own request with immediate effect. He will continue to work closely with the company as a shareholder.<\/title>\n<meta name=\"description\" content=\"Tilman Gartmeier, founder and managing director of Cube Real Estate, is withdrawing from the operational business at his own request with immediate effect. He will continue to work closely with the company as a shareholder.\" \/>\n<meta name=\"robots\" content=\"index, follow, max-snippet:-1, max-image-preview:large, max-video-preview:-1\" \/>\n<link rel=\"canonical\" href=\"https:\/\/cube-real.estate\/en\/change-in-management-tilman-gartmeier-resigns-from-operational-management-with-immediate-effect\/\" \/>\n<meta property=\"og:locale\" content=\"en_US\" \/>\n<meta property=\"og:type\" content=\"article\" \/>\n<meta property=\"og:title\" content=\"Change in management: Tilman Gartmeier resigns from operational management with immediate effect\" \/>\n<meta property=\"og:description\" content=\"Project developer Cube Real Estate GmbH has received an important sustainability award for the first construction phase of the Cube Factory 577 project: the prestigious LEED Gold certificate. This certification from the US Green Building Council (USGBC) in Atlanta underlines Cube Real Estate&#039;s commitment to environmentally friendly and future-oriented building concepts.\" \/>\n<meta property=\"og:url\" content=\"https:\/\/cube-real.estate\/en\/change-in-management-tilman-gartmeier-resigns-from-operational-management-with-immediate-effect\/\" \/>\n<meta property=\"og:site_name\" content=\"Cube Real Estate\" \/>\n<meta property=\"article:modified_time\" content=\"2025-07-14T07:39:45+00:00\" \/>\n<meta property=\"og:image\" content=\"https:\/\/cube-real.estate\/wp-content\/uploads\/2025\/02\/Bernd-Huetter_Geschaeftsfuehrung.jpg\" \/>\n\t<meta property=\"og:image:width\" content=\"567\" \/>\n\t<meta property=\"og:image:height\" content=\"597\" \/>\n\t<meta property=\"og:image:type\" content=\"image\/jpeg\" \/>\n<meta name=\"twitter:card\" content=\"summary_large_image\" \/>\n<meta name=\"twitter:description\" content=\"Project developer Cube Real Estate GmbH has received an important sustainability award for the first construction phase of the Cube Factory 577 project: the prestigious LEED Gold certificate. This certification from the US Green Building Council (USGBC) in Atlanta underlines Cube Real Estate&#039;s commitment to environmentally friendly and future-oriented building concepts.\" \/>\n<meta name=\"twitter:label1\" content=\"Est. reading time\" \/>\n\t<meta name=\"twitter:data1\" content=\"12 minutes\" \/>\n<script type=\"application\/ld+json\" class=\"yoast-schema-graph\">{\"@context\":\"https:\/\/schema.org\",\"@graph\":[{\"@type\":\"WebPage\",\"@id\":\"https:\/\/cube-real.estate\/en\/change-in-management-tilman-gartmeier-resigns-from-operational-management-with-immediate-effect\/\",\"url\":\"https:\/\/cube-real.estate\/en\/change-in-management-tilman-gartmeier-resigns-from-operational-management-with-immediate-effect\/\",\"name\":\"Tilman Gartmeier, founder and managing director of Cube Real Estate, is withdrawing from the operational business at his own request with immediate effect. He will continue to work closely with the company as a shareholder.\",\"isPartOf\":{\"@id\":\"https:\/\/cube-real.estate\/en\/#website\"},\"datePublished\":\"2025-02-05T11:15:54+00:00\",\"dateModified\":\"2025-07-14T07:39:45+00:00\",\"description\":\"Tilman Gartmeier, founder and managing director of Cube Real Estate, is withdrawing from the operational business at his own request with immediate effect. He will continue to work closely with the company as a shareholder.\",\"breadcrumb\":{\"@id\":\"https:\/\/cube-real.estate\/en\/change-in-management-tilman-gartmeier-resigns-from-operational-management-with-immediate-effect\/#breadcrumb\"},\"inLanguage\":\"en-US\",\"potentialAction\":[{\"@type\":\"ReadAction\",\"target\":[\"https:\/\/cube-real.estate\/en\/change-in-management-tilman-gartmeier-resigns-from-operational-management-with-immediate-effect\/\"]}]},{\"@type\":\"BreadcrumbList\",\"@id\":\"https:\/\/cube-real.estate\/en\/change-in-management-tilman-gartmeier-resigns-from-operational-management-with-immediate-effect\/#breadcrumb\",\"itemListElement\":[{\"@type\":\"ListItem\",\"position\":1,\"name\":\"Startseite\",\"item\":\"https:\/\/cube-real.estate\/en\/startseite\/\"},{\"@type\":\"ListItem\",\"position\":2,\"name\":\"Change in management: Tilman Gartmeier resigns from operational management with immediate effect\"}]},{\"@type\":\"WebSite\",\"@id\":\"https:\/\/cube-real.estate\/en\/#website\",\"url\":\"https:\/\/cube-real.estate\/en\/\",\"name\":\"Cube Real Estate\",\"description\":\"WE LOVE DEVELOPMENT\",\"potentialAction\":[{\"@type\":\"SearchAction\",\"target\":{\"@type\":\"EntryPoint\",\"urlTemplate\":\"https:\/\/cube-real.estate\/en\/?s={search_term_string}\"},\"query-input\":\"required name=search_term_string\"}],\"inLanguage\":\"en-US\"}]}<\/script>\n<!-- \/ Yoast SEO Premium plugin. -->","yoast_head_json":{"title":"Tilman Gartmeier, founder and managing director of Cube Real Estate, is withdrawing from the operational business at his own request with immediate effect. He will continue to work closely with the company as a shareholder.","description":"Tilman Gartmeier, founder and managing director of Cube Real Estate, is withdrawing from the operational business at his own request with immediate effect. He will continue to work closely with the company as a shareholder.","robots":{"index":"index","follow":"follow","max-snippet":"max-snippet:-1","max-image-preview":"max-image-preview:large","max-video-preview":"max-video-preview:-1"},"canonical":"https:\/\/cube-real.estate\/en\/change-in-management-tilman-gartmeier-resigns-from-operational-management-with-immediate-effect\/","og_locale":"en_US","og_type":"article","og_title":"Change in management: Tilman Gartmeier resigns from operational management with immediate effect","og_description":"Project developer Cube Real Estate GmbH has received an important sustainability award for the first construction phase of the Cube Factory 577 project: the prestigious LEED Gold certificate. This certification from the US Green Building Council (USGBC) in Atlanta underlines Cube Real Estate's commitment to environmentally friendly and future-oriented building concepts.","og_url":"https:\/\/cube-real.estate\/en\/change-in-management-tilman-gartmeier-resigns-from-operational-management-with-immediate-effect\/","og_site_name":"Cube Real Estate","article_modified_time":"2025-07-14T07:39:45+00:00","og_image":[{"width":567,"height":597,"url":"https:\/\/cube-real.estate\/wp-content\/uploads\/2025\/02\/Bernd-Huetter_Geschaeftsfuehrung.jpg","type":"image\/jpeg"}],"twitter_card":"summary_large_image","twitter_description":"Project developer Cube Real Estate GmbH has received an important sustainability award for the first construction phase of the Cube Factory 577 project: the prestigious LEED Gold certificate. This certification from the US Green Building Council (USGBC) in Atlanta underlines Cube Real Estate's commitment to environmentally friendly and future-oriented building concepts.","twitter_misc":{"Est. reading time":"12 minutes"},"schema":{"@context":"https:\/\/schema.org","@graph":[{"@type":"WebPage","@id":"https:\/\/cube-real.estate\/en\/change-in-management-tilman-gartmeier-resigns-from-operational-management-with-immediate-effect\/","url":"https:\/\/cube-real.estate\/en\/change-in-management-tilman-gartmeier-resigns-from-operational-management-with-immediate-effect\/","name":"Tilman Gartmeier, founder and managing director of Cube Real Estate, is withdrawing from the operational business at his own request with immediate effect. He will continue to work closely with the company as a shareholder.","isPartOf":{"@id":"https:\/\/cube-real.estate\/en\/#website"},"datePublished":"2025-02-05T11:15:54+00:00","dateModified":"2025-07-14T07:39:45+00:00","description":"Tilman Gartmeier, founder and managing director of Cube Real Estate, is withdrawing from the operational business at his own request with immediate effect. He will continue to work closely with the company as a shareholder.","breadcrumb":{"@id":"https:\/\/cube-real.estate\/en\/change-in-management-tilman-gartmeier-resigns-from-operational-management-with-immediate-effect\/#breadcrumb"},"inLanguage":"en-US","potentialAction":[{"@type":"ReadAction","target":["https:\/\/cube-real.estate\/en\/change-in-management-tilman-gartmeier-resigns-from-operational-management-with-immediate-effect\/"]}]},{"@type":"BreadcrumbList","@id":"https:\/\/cube-real.estate\/en\/change-in-management-tilman-gartmeier-resigns-from-operational-management-with-immediate-effect\/#breadcrumb","itemListElement":[{"@type":"ListItem","position":1,"name":"Startseite","item":"https:\/\/cube-real.estate\/en\/startseite\/"},{"@type":"ListItem","position":2,"name":"Change in management: Tilman Gartmeier resigns from operational management with immediate effect"}]},{"@type":"WebSite","@id":"https:\/\/cube-real.estate\/en\/#website","url":"https:\/\/cube-real.estate\/en\/","name":"Cube Real Estate","description":"WE LOVE DEVELOPMENT","potentialAction":[{"@type":"SearchAction","target":{"@type":"EntryPoint","urlTemplate":"https:\/\/cube-real.estate\/en\/?s={search_term_string}"},"query-input":"required name=search_term_string"}],"inLanguage":"en-US"}]}},"_links":{"self":[{"href":"https:\/\/cube-real.estate\/en\/wp-json\/wp\/v2\/pages\/15198"}],"collection":[{"href":"https:\/\/cube-real.estate\/en\/wp-json\/wp\/v2\/pages"}],"about":[{"href":"https:\/\/cube-real.estate\/en\/wp-json\/wp\/v2\/types\/page"}],"author":[{"embeddable":true,"href":"https:\/\/cube-real.estate\/en\/wp-json\/wp\/v2\/users\/11"}],"replies":[{"embeddable":true,"href":"https:\/\/cube-real.estate\/en\/wp-json\/wp\/v2\/comments?post=15198"}],"version-history":[{"count":1,"href":"https:\/\/cube-real.estate\/en\/wp-json\/wp\/v2\/pages\/15198\/revisions"}],"predecessor-version":[{"id":15201,"href":"https:\/\/cube-real.estate\/en\/wp-json\/wp\/v2\/pages\/15198\/revisions\/15201"}],"wp:featuredmedia":[{"embeddable":true,"href":"https:\/\/cube-real.estate\/en\/wp-json\/wp\/v2\/media\/14670"}],"wp:attachment":[{"href":"https:\/\/cube-real.estate\/en\/wp-json\/wp\/v2\/media?parent=15198"}],"wp:term":[{"taxonomy":"folder","embeddable":true,"href":"https:\/\/cube-real.estate\/en\/wp-json\/wp\/v2\/folder?post=15198"}],"curies":[{"name":"wp","href":"https:\/\/api.w.org\/{rel}","templated":true}]}}