{"id":15140,"date":"2023-12-15T10:09:18","date_gmt":"2023-12-15T09:09:18","guid":{"rendered":"https:\/\/cube-real.estate\/cube-real-estate-acquires-project-development-site-in-hamburg-for-mixed-use\/"},"modified":"2025-07-14T09:39:37","modified_gmt":"2025-07-14T07:39:37","slug":"cube-real-estate-acquires-project-development-site-in-hamburg-for-mixed-use","status":"publish","type":"page","link":"https:\/\/cube-real.estate\/en\/cube-real-estate-acquires-project-development-site-in-hamburg-for-mixed-use\/","title":{"rendered":"Cube Real Estate acquires project development site in Hamburg for mixed use"},"content":{"rendered":"\n<style type=\"text\/css\" data-created_by=\"avia_inline_auto\" id=\"style-css-av-sy6p8-33b85340e7b185bc66e446080f7fd286\">\n.avia-section.av-sy6p8-33b85340e7b185bc66e446080f7fd286{\nbackground-repeat:no-repeat;\nbackground-image:url(https:\/\/cube-real.estate\/wp-content\/uploads\/2019\/11\/Header_Award_Seite.jpg);\nbackground-position:50% 100%;\nbackground-attachment:scroll;\n}\n<\/style>\n<div id='av_section_1'  class='avia-section av-sy6p8-33b85340e7b185bc66e446080f7fd286 main_color avia-section-default avia-no-border-styling  avia-builder-el-0  el_before_av_hr  avia-builder-el-first  avia-full-stretch avia-bg-style-scroll av-minimum-height av-minimum-height-custom  container_wrap fullsize'  data-section-bg-repeat='stretch' data-av_minimum_height_px='660'><div class='container av-section-cont-open' style='height:660px'><main  role=\"main\" itemprop=\"mainContentOfPage\"  class='template-page content  av-content-full alpha units'><div class='post-entry post-entry-type-page post-entry-15140'><div class='entry-content-wrapper clearfix'>\n\n<style type=\"text\/css\" data-created_by=\"avia_inline_auto\" id=\"style-css-av-s84l0-95cdefa52bbc63beef3a91ab84059305\">\n#top .av_textblock_section.av-s84l0-95cdefa52bbc63beef3a91ab84059305 .avia_textblock{\ncolor:#ffffff;\n}\n<\/style>\n<section  class='av_textblock_section av-s84l0-95cdefa52bbc63beef3a91ab84059305'  itemscope=\"itemscope\" itemtype=\"https:\/\/schema.org\/CreativeWork\" ><div class='avia_textblock headertext_projektdetail av_inherit_color'  itemprop=\"text\" ><h1 style=\"text-align: left;\">News<\/h1>\n<\/div><\/section>\n<\/div><\/div><\/main><!-- close content main element --><\/div><\/div><div id='after_section_1'  class='main_color av_default_container_wrap container_wrap fullsize'  ><div class='container av-section-cont-open' ><div class='template-page content  av-content-full alpha units'><div class='post-entry post-entry-type-page post-entry-15140'><div class='entry-content-wrapper clearfix'>\n\n<style type=\"text\/css\" data-created_by=\"avia_inline_auto\" id=\"style-css-av-rtws0-657c18d41ce5f8b5fc5027f034b24152\">\n#top .hr.hr-invisible.av-rtws0-657c18d41ce5f8b5fc5027f034b24152{\nheight:20px;\n}\n<\/style>\n<div  class='hr av-rtws0-657c18d41ce5f8b5fc5027f034b24152 hr-invisible  avia-builder-el-2  el_after_av_section  el_before_av_section  avia-builder-el-no-sibling '><span class='hr-inner '><span class=\"hr-inner-style\"><\/span><\/span><\/div>\n<\/div><\/div><\/div><!-- close content main div --><\/div><\/div><div id='av_section_2'  class='avia-section av-r4chg-1d77ca412d42f538c61232e1e2c2d16a main_color avia-section-default avia-no-border-styling  avia-builder-el-3  el_after_av_hr  avia-builder-el-last  avia-bg-style-scroll container_wrap fullsize'  ><div class='container av-section-cont-open' ><div class='template-page content  av-content-full alpha units'><div class='post-entry post-entry-type-page post-entry-15140'><div class='entry-content-wrapper clearfix'>\n\n<style type=\"text\/css\" data-created_by=\"avia_inline_auto\" id=\"style-css-av-86t2ug-3ab0ca004fa363f60ae1dc3b89636be4\">\n.flex_column.av-86t2ug-3ab0ca004fa363f60ae1dc3b89636be4{\n-webkit-border-radius:0px 0px 0px 0px;\n-moz-border-radius:0px 0px 0px 0px;\nborder-radius:0px 0px 0px 0px;\npadding:0px 0px 0px 0px;\n}\n<\/style>\n<div class='flex_column av-86t2ug-3ab0ca004fa363f60ae1dc3b89636be4 av_one_fifth  avia-builder-el-4  el_before_av_three_fifth  avia-builder-el-first  first flex_column_div av-zero-column-padding '     ><\/div>\n<style type=\"text\/css\" data-created_by=\"avia_inline_auto\" id=\"style-css-av-2lxfk-c9ec48cdad59d60719ef20230311ee31\">\n.flex_column.av-2lxfk-c9ec48cdad59d60719ef20230311ee31{\n-webkit-border-radius:0px 0px 0px 0px;\n-moz-border-radius:0px 0px 0px 0px;\nborder-radius:0px 0px 0px 0px;\npadding:0px 0px 0px 0px;\n}\n<\/style>\n<div class='flex_column av-2lxfk-c9ec48cdad59d60719ef20230311ee31 av_three_fifth  avia-builder-el-5  el_after_av_one_fifth  el_before_av_one_fifth  flex_column_div av-zero-column-padding '     ><section  class='av_textblock_section av-pg8d4-561a5f25ea915593d238b2f7b4ae1ccb'  itemscope=\"itemscope\" itemtype=\"https:\/\/schema.org\/CreativeWork\" ><div class='avia_textblock'  itemprop=\"text\" ><h1 style=\"text-align: center;\">Cube Real Estate acquires project development plot in Hamburg for mixed use<br \/>\n<\/h1>\n<h3 style=\"text-align: center;\"><\/h3>\n<\/div><\/section><\/div>\n<style type=\"text\/css\" data-created_by=\"avia_inline_auto\" id=\"style-css-av-86t2ug-6-c9a60406895c45e057e1eab29d41ecd8\">\n.flex_column.av-86t2ug-6-c9a60406895c45e057e1eab29d41ecd8{\n-webkit-border-radius:0px 0px 0px 0px;\n-moz-border-radius:0px 0px 0px 0px;\nborder-radius:0px 0px 0px 0px;\npadding:0px 0px 0px 0px;\n}\n<\/style>\n<div class='flex_column av-86t2ug-6-c9a60406895c45e057e1eab29d41ecd8 av_one_fifth  avia-builder-el-7  el_after_av_three_fifth  el_before_av_one_fifth  flex_column_div av-zero-column-padding '     ><\/div>\n<style type=\"text\/css\" data-created_by=\"avia_inline_auto\" id=\"style-css-av-86t2ug-5-87011643ce415206ccdf31498a9c77fe\">\n.flex_column.av-86t2ug-5-87011643ce415206ccdf31498a9c77fe{\n-webkit-border-radius:0px 0px 0px 0px;\n-moz-border-radius:0px 0px 0px 0px;\nborder-radius:0px 0px 0px 0px;\npadding:0px 0px 0px 0px;\n}\n<\/style>\n<div class='flex_column av-86t2ug-5-87011643ce415206ccdf31498a9c77fe av_one_fifth  avia-builder-el-8  el_after_av_one_fifth  el_before_av_three_fifth  first flex_column_div av-zero-column-padding column-top-margin'     ><\/div>\n<style type=\"text\/css\" data-created_by=\"avia_inline_auto\" id=\"style-css-av-86t2ug-2-46c3cde55d62e4251b2ad35b392a9485\">\n.flex_column.av-86t2ug-2-46c3cde55d62e4251b2ad35b392a9485{\n-webkit-border-radius:0px 0px 0px 0px;\n-moz-border-radius:0px 0px 0px 0px;\nborder-radius:0px 0px 0px 0px;\npadding:0px 0px 0px 0px;\n}\n<\/style>\n<div class='flex_column av-86t2ug-2-46c3cde55d62e4251b2ad35b392a9485 av_three_fifth  avia-builder-el-9  el_after_av_one_fifth  el_before_av_one_fifth  flex_column_div av-zero-column-padding column-top-margin'     ><p>\n<style type=\"text\/css\" data-created_by=\"avia_inline_auto\" id=\"style-css-av-ln8sd6ag-e4928dd974d51cb9c36f3e53df4de1b1\">\n.avia-image-container.av-ln8sd6ag-e4928dd974d51cb9c36f3e53df4de1b1 img.avia_image{\nbox-shadow:none;\n}\n.avia-image-container.av-ln8sd6ag-e4928dd974d51cb9c36f3e53df4de1b1 .av-image-caption-overlay-center{\ncolor:#ffffff;\n}\n<\/style>\n<div  class='avia-image-container av-ln8sd6ag-e4928dd974d51cb9c36f3e53df4de1b1 av-styling- avia-align-center  avia-builder-el-10  el_before_av_hr  avia-builder-el-first '   itemprop=\"image\" itemscope=\"itemscope\" itemtype=\"https:\/\/schema.org\/ImageObject\" ><div class=\"avia-image-container-inner\"><div class=\"avia-image-overlay-wrap\"><img decoding=\"async\" class='wp-image-14502 avia-img-lazy-loading-not-14502 avia_image ' src=\"https:\/\/cube-real.estate\/wp-content\/uploads\/2023\/12\/2023_12_15_PM_Hamburg-1030x714.jpeg\" alt='' title='Hamburg Speicherstadt'  height=\"714\" width=\"1030\"  itemprop=\"thumbnailUrl\" srcset=\"https:\/\/cube-real.estate\/wp-content\/uploads\/2023\/12\/2023_12_15_PM_Hamburg-1030x714.jpeg 1030w, https:\/\/cube-real.estate\/wp-content\/uploads\/2023\/12\/2023_12_15_PM_Hamburg-300x208.jpeg 300w, https:\/\/cube-real.estate\/wp-content\/uploads\/2023\/12\/2023_12_15_PM_Hamburg-768x532.jpeg 768w, https:\/\/cube-real.estate\/wp-content\/uploads\/2023\/12\/2023_12_15_PM_Hamburg-1536x1064.jpeg 1536w, https:\/\/cube-real.estate\/wp-content\/uploads\/2023\/12\/2023_12_15_PM_Hamburg-2048x1419.jpeg 2048w, https:\/\/cube-real.estate\/wp-content\/uploads\/2023\/12\/2023_12_15_PM_Hamburg-1500x1040.jpeg 1500w, https:\/\/cube-real.estate\/wp-content\/uploads\/2023\/12\/2023_12_15_PM_Hamburg-705x489.jpeg 705w\" sizes=\"(max-width: 1030px) 100vw, 1030px\" \/><\/div><\/div><\/div><br \/>\n\n<style type=\"text\/css\" data-created_by=\"avia_inline_auto\" id=\"style-css-av-ln8sf9v4-4af9fee36397974f39be36301c881eee\">\n#top .hr.hr-invisible.av-ln8sf9v4-4af9fee36397974f39be36301c881eee{\nheight:50px;\n}\n<\/style>\n<div  class='hr av-ln8sf9v4-4af9fee36397974f39be36301c881eee hr-invisible  avia-builder-el-11  el_after_av_image  el_before_av_textblock '><span class='hr-inner '><span class=\"hr-inner-style\"><\/span><\/span><\/div><br \/>\n<section  class='av_textblock_section av-k38fxnf5-941c7e887302c23c7b75ad7359d81b51'  itemscope=\"itemscope\" itemtype=\"https:\/\/schema.org\/CreativeWork\" ><div class='avia_textblock'  itemprop=\"text\" ><p align=\"justify\"><b>Leverkusen, 12\/15\/2023<\/b><\/p>\n<p>Cube Real Estate GmbH (Cube), has acquired a property of approx. 3,200 m\u00b2 in Hamburg&#8217;s up-and-coming Brauhausviertel district. The property at K\u00f6nigsreihe 6-12 is currently used as office and warehouse space. <\/p>\n<p>&#8220;After more than two years without any new acquisitions due to the changed and significantly worsened market conditions, this purchase marks the re-entry into a new growth phase at Cube Real Estate. The fact that we are able to successfully present new construction project developments at the current market level of interest and construction costs, as well as sales prices, is a positive signal for the coming year 2024 &#8211; for us and for the entire industry,&#8221; says Managing Director Tilman Gartmeier.<\/p>\n<p>The plans envisage the demolition of the existing buildings and the construction of a new building with a mix of residential and commercial properties to meet current and future market requirements. This development is part of the Brauhausviertel district development and is strategically located between Brauhausstrasse and Wandsbeker K\u00f6nigstrasse, adjacent to the M\u00fchlenteich park. The aim of the project is not only to enhance the urban space, but also to contribute to the economic vitality of the district.  <\/p>\n<p>&#8220;This purchase marks an important step in our strategy of creating sustainable and innovative living spaces,&#8221; explains Jean-Marc Fey, authorized signatory and Head of Acquisitions at Cube Real Estate. &#8220;With the development of this property, we want to enrich the Brauhausviertel and contribute to Hamburg&#8217;s dynamic development.&#8221; <\/p>\n<p>The property stands out thanks to its excellent connections to public transportation, the freeway and the fact that it is within walking distance of grocery stores. The site bears witness to Hamburg&#8217;s historical development and the transformation of commercial locations into vibrant urban neighborhoods. With this project, Cube Real Estate is contributing to a diverse and sustainable district and strengthening its presence in the Hamburg real estate market.  <\/p>\n<p>Legal and tax advice for this acquisition was provided by Noerr Partnerschaftsgesellschaft mbB from Munich and Ecovis KSO Steuerberater &amp; Rechtsanw\u00e4lte from D\u00fcsseldorf, while WITTH\u00d6FT Anlage- und Gewerbeimmobilien oHG acted as broker.<\/p>\n<\/div><\/section><br \/>\n<div  class='hr av-jv0c8-6d3f74486989e2aee0a99eaebd59db4f hr-default  avia-builder-el-13  el_after_av_textblock  el_before_av_textblock '><span class='hr-inner '><span class=\"hr-inner-style\"><\/span><\/span><\/div><br \/>\n<section  class='av_textblock_section av-2sm148-6390fa53c49b1666e13c77ecb5ec5bc5'  itemscope=\"itemscope\" itemtype=\"https:\/\/schema.org\/CreativeWork\" ><div class='avia_textblock'  itemprop=\"text\" ><p class=\"p1\"><b>Cube Real Estate GmbH<\/b><\/p>\n<p>&#8220;We love development&#8221; &#8211; three words that stand for conviction, passion and responsibility at Cube Real Estate. Since 2013, we have been setting standards in real estate project development with our cheeky, wild and wonderful 100-strong team. Our motivated employees and our committed business partners and investors are united by a passion for sustainable living spaces worthy of the name. This is why we are successfully realizing a project volume of currently 2 billion euros on our growth path.    With a focus on apartments as well as neighborhood and building land development, people are at the heart of everything we do. This applies to our parent company Cube Real Estate as well as to our local companies <strong>Cube Real Estate Nord<\/strong> and <strong>Cube Real Estate Mitte <\/strong>and our subsidiaries <a href=\"https:\/\/www.cube-property.services\/\" target=\"_blank\" rel=\"noopener\"><b>Cube Property Services<\/b><\/a>, <a href=\"https:\/\/cube.life\/\" target=\"_blank\" rel=\"noopener\"><b>Cube Life <\/b><\/a>and<a href=\"https:\/\/cube-real.estate\/en\/easy-e\/\" target=\"_blank\" rel=\"noopener\"><b> Cube Easy-E, <\/b><\/a>Cube Land Development and <strong><a href=\"http:\/\/www.cube-wood.de\">Cube Wood gGmbH<\/a><\/strong>. The holistic playing field for the successful Cube team: the complete life cycle of real estate. <\/p>\n<p><b>Press contact<br \/>\n<\/b>Cube Real Estate GmbH<br \/>\nRica Pr\u00f6pper<br \/>\nPhone: +49 2171 7534 137<br \/>\nE-mail: <a href=\"mailto:proepper@cube-real.estate\">proepper@cube-real.estate<\/a><\/p>\n<\/div><\/section><\/p><\/div>\n<style type=\"text\/css\" data-created_by=\"avia_inline_auto\" id=\"style-css-av-86t2ug-3-562fd03c5b0151f26caa4febdf8a4e00\">\n.flex_column.av-86t2ug-3-562fd03c5b0151f26caa4febdf8a4e00{\n-webkit-border-radius:0px 0px 0px 0px;\n-moz-border-radius:0px 0px 0px 0px;\nborder-radius:0px 0px 0px 0px;\npadding:0px 0px 0px 0px;\n}\n<\/style>\n<div class='flex_column av-86t2ug-3-562fd03c5b0151f26caa4febdf8a4e00 av_one_fifth  avia-builder-el-15  el_after_av_three_fifth  el_before_av_one_fifth  flex_column_div av-zero-column-padding column-top-margin'     ><\/div>\n<style type=\"text\/css\" data-created_by=\"avia_inline_auto\" id=\"style-css-av-40ho2a-a1d36214490bb08aec77d2efc9768e79\">\n.flex_column.av-40ho2a-a1d36214490bb08aec77d2efc9768e79{\n-webkit-border-radius:0px 0px 0px 0px;\n-moz-border-radius:0px 0px 0px 0px;\nborder-radius:0px 0px 0px 0px;\npadding:0px 0px 0px 0px;\n}\n<\/style>\n<div class='flex_column av-40ho2a-a1d36214490bb08aec77d2efc9768e79 av_one_fifth  avia-builder-el-16  el_after_av_one_fifth  el_before_av_one_fifth  first flex_column_div av-zero-column-padding column-top-margin'     ><\/div>\n<style type=\"text\/css\" data-created_by=\"avia_inline_auto\" id=\"style-css-av-36g4vm-52d8b78d4c2a02e74210412478496ca7\">\n.flex_column.av-36g4vm-52d8b78d4c2a02e74210412478496ca7{\n-webkit-border-radius:0px 0px 0px 0px;\n-moz-border-radius:0px 0px 0px 0px;\nborder-radius:0px 0px 0px 0px;\npadding:0px 0px 0px 0px;\n}\n<\/style>\n<div class='flex_column av-36g4vm-52d8b78d4c2a02e74210412478496ca7 av_one_fifth  avia-builder-el-17  el_after_av_one_fifth  avia-builder-el-last  flex_column_div av-zero-column-padding column-top-margin'     ><\/div>\n","protected":false},"excerpt":{"rendered":"","protected":false},"author":11,"featured_media":14502,"parent":0,"menu_order":0,"comment_status":"closed","ping_status":"closed","template":"","meta":{"inline_featured_image":false},"folder":[1003],"yoast_head":"<!-- This site is optimized with the Yoast SEO Premium plugin v20.12 (Yoast SEO v20.12) - https:\/\/yoast.com\/wordpress\/plugins\/seo\/ -->\n<title>Cube Real Estate GmbH has acquired an approx. 3,200 m\u00b2 property in Hamburg&#039;s up-and-coming Brauhausviertel district. The property at K\u00f6nigsreihe 6-12 is currently used as office and warehouse space.<\/title>\n<meta name=\"description\" content=\"Cube Real Estate GmbH has acquired an approx. 3,200 m\u00b2 property in Hamburg&#039;s up-and-coming Brauhausviertel district. The property at K\u00f6nigsreihe 6-12 is currently used as office and warehouse space.\" \/>\n<meta name=\"robots\" content=\"index, follow, max-snippet:-1, max-image-preview:large, max-video-preview:-1\" \/>\n<link rel=\"canonical\" href=\"https:\/\/cube-real.estate\/en\/cube-real-estate-acquires-project-development-site-in-hamburg-for-mixed-use\/\" \/>\n<meta property=\"og:locale\" content=\"en_US\" \/>\n<meta property=\"og:type\" content=\"article\" \/>\n<meta property=\"og:title\" content=\"Cube Real Estate acquires project development site in Hamburg for mixed use\" \/>\n<meta property=\"og:description\" content=\"Cube Real Estate GmbH has acquired an approx. 3,200 m\u00b2 property in Hamburg&#039;s up-and-coming Brauhausviertel district. The property at K\u00f6nigsreihe 6-12 is currently used as office and warehouse space.\" \/>\n<meta property=\"og:url\" content=\"https:\/\/cube-real.estate\/en\/cube-real-estate-acquires-project-development-site-in-hamburg-for-mixed-use\/\" \/>\n<meta property=\"og:site_name\" content=\"Cube Real Estate\" \/>\n<meta property=\"article:modified_time\" content=\"2025-07-14T07:39:37+00:00\" \/>\n<meta property=\"og:image\" content=\"https:\/\/cube-real.estate\/wp-content\/uploads\/2023\/12\/2023_12_15_PM_Hamburg-1030x714.jpeg\" \/>\n\t<meta property=\"og:image:width\" content=\"1030\" \/>\n\t<meta property=\"og:image:height\" content=\"714\" \/>\n\t<meta property=\"og:image:type\" content=\"image\/jpeg\" \/>\n<meta name=\"twitter:card\" content=\"summary_large_image\" \/>\n<meta name=\"twitter:label1\" content=\"Est. reading time\" \/>\n\t<meta name=\"twitter:data1\" content=\"13 minutes\" \/>\n<script type=\"application\/ld+json\" class=\"yoast-schema-graph\">{\"@context\":\"https:\/\/schema.org\",\"@graph\":[{\"@type\":\"WebPage\",\"@id\":\"https:\/\/cube-real.estate\/en\/cube-real-estate-acquires-project-development-site-in-hamburg-for-mixed-use\/\",\"url\":\"https:\/\/cube-real.estate\/en\/cube-real-estate-acquires-project-development-site-in-hamburg-for-mixed-use\/\",\"name\":\"Cube Real Estate GmbH has acquired an approx. 3,200 m\u00b2 property in Hamburg's up-and-coming Brauhausviertel district. The property at K\u00f6nigsreihe 6-12 is currently used as office and warehouse space.\",\"isPartOf\":{\"@id\":\"https:\/\/cube-real.estate\/en\/#website\"},\"datePublished\":\"2023-12-15T09:09:18+00:00\",\"dateModified\":\"2025-07-14T07:39:37+00:00\",\"description\":\"Cube Real Estate GmbH has acquired an approx. 3,200 m\u00b2 property in Hamburg's up-and-coming Brauhausviertel district. The property at K\u00f6nigsreihe 6-12 is currently used as office and warehouse space.\",\"breadcrumb\":{\"@id\":\"https:\/\/cube-real.estate\/en\/cube-real-estate-acquires-project-development-site-in-hamburg-for-mixed-use\/#breadcrumb\"},\"inLanguage\":\"en-US\",\"potentialAction\":[{\"@type\":\"ReadAction\",\"target\":[\"https:\/\/cube-real.estate\/en\/cube-real-estate-acquires-project-development-site-in-hamburg-for-mixed-use\/\"]}]},{\"@type\":\"BreadcrumbList\",\"@id\":\"https:\/\/cube-real.estate\/en\/cube-real-estate-acquires-project-development-site-in-hamburg-for-mixed-use\/#breadcrumb\",\"itemListElement\":[{\"@type\":\"ListItem\",\"position\":1,\"name\":\"Startseite\",\"item\":\"https:\/\/cube-real.estate\/en\/startseite\/\"},{\"@type\":\"ListItem\",\"position\":2,\"name\":\"Cube Real Estate acquires project development site in Hamburg for mixed use\"}]},{\"@type\":\"WebSite\",\"@id\":\"https:\/\/cube-real.estate\/en\/#website\",\"url\":\"https:\/\/cube-real.estate\/en\/\",\"name\":\"Cube Real Estate\",\"description\":\"WE LOVE DEVELOPMENT\",\"potentialAction\":[{\"@type\":\"SearchAction\",\"target\":{\"@type\":\"EntryPoint\",\"urlTemplate\":\"https:\/\/cube-real.estate\/en\/?s={search_term_string}\"},\"query-input\":\"required name=search_term_string\"}],\"inLanguage\":\"en-US\"}]}<\/script>\n<!-- \/ Yoast SEO Premium plugin. -->","yoast_head_json":{"title":"Cube Real Estate GmbH has acquired an approx. 3,200 m\u00b2 property in Hamburg's up-and-coming Brauhausviertel district. The property at K\u00f6nigsreihe 6-12 is currently used as office and warehouse space.","description":"Cube Real Estate GmbH has acquired an approx. 3,200 m\u00b2 property in Hamburg's up-and-coming Brauhausviertel district. The property at K\u00f6nigsreihe 6-12 is currently used as office and warehouse space.","robots":{"index":"index","follow":"follow","max-snippet":"max-snippet:-1","max-image-preview":"max-image-preview:large","max-video-preview":"max-video-preview:-1"},"canonical":"https:\/\/cube-real.estate\/en\/cube-real-estate-acquires-project-development-site-in-hamburg-for-mixed-use\/","og_locale":"en_US","og_type":"article","og_title":"Cube Real Estate acquires project development site in Hamburg for mixed use","og_description":"Cube Real Estate GmbH has acquired an approx. 3,200 m\u00b2 property in Hamburg's up-and-coming Brauhausviertel district. The property at K\u00f6nigsreihe 6-12 is currently used as office and warehouse space.","og_url":"https:\/\/cube-real.estate\/en\/cube-real-estate-acquires-project-development-site-in-hamburg-for-mixed-use\/","og_site_name":"Cube Real Estate","article_modified_time":"2025-07-14T07:39:37+00:00","og_image":[{"width":1030,"height":714,"url":"https:\/\/cube-real.estate\/wp-content\/uploads\/2023\/12\/2023_12_15_PM_Hamburg-1030x714.jpeg","type":"image\/jpeg"}],"twitter_card":"summary_large_image","twitter_misc":{"Est. reading time":"13 minutes"},"schema":{"@context":"https:\/\/schema.org","@graph":[{"@type":"WebPage","@id":"https:\/\/cube-real.estate\/en\/cube-real-estate-acquires-project-development-site-in-hamburg-for-mixed-use\/","url":"https:\/\/cube-real.estate\/en\/cube-real-estate-acquires-project-development-site-in-hamburg-for-mixed-use\/","name":"Cube Real Estate GmbH has acquired an approx. 3,200 m\u00b2 property in Hamburg's up-and-coming Brauhausviertel district. The property at K\u00f6nigsreihe 6-12 is currently used as office and warehouse space.","isPartOf":{"@id":"https:\/\/cube-real.estate\/en\/#website"},"datePublished":"2023-12-15T09:09:18+00:00","dateModified":"2025-07-14T07:39:37+00:00","description":"Cube Real Estate GmbH has acquired an approx. 3,200 m\u00b2 property in Hamburg's up-and-coming Brauhausviertel district. The property at K\u00f6nigsreihe 6-12 is currently used as office and warehouse space.","breadcrumb":{"@id":"https:\/\/cube-real.estate\/en\/cube-real-estate-acquires-project-development-site-in-hamburg-for-mixed-use\/#breadcrumb"},"inLanguage":"en-US","potentialAction":[{"@type":"ReadAction","target":["https:\/\/cube-real.estate\/en\/cube-real-estate-acquires-project-development-site-in-hamburg-for-mixed-use\/"]}]},{"@type":"BreadcrumbList","@id":"https:\/\/cube-real.estate\/en\/cube-real-estate-acquires-project-development-site-in-hamburg-for-mixed-use\/#breadcrumb","itemListElement":[{"@type":"ListItem","position":1,"name":"Startseite","item":"https:\/\/cube-real.estate\/en\/startseite\/"},{"@type":"ListItem","position":2,"name":"Cube Real Estate acquires project development site in Hamburg for mixed use"}]},{"@type":"WebSite","@id":"https:\/\/cube-real.estate\/en\/#website","url":"https:\/\/cube-real.estate\/en\/","name":"Cube Real Estate","description":"WE LOVE DEVELOPMENT","potentialAction":[{"@type":"SearchAction","target":{"@type":"EntryPoint","urlTemplate":"https:\/\/cube-real.estate\/en\/?s={search_term_string}"},"query-input":"required name=search_term_string"}],"inLanguage":"en-US"}]}},"_links":{"self":[{"href":"https:\/\/cube-real.estate\/en\/wp-json\/wp\/v2\/pages\/15140"}],"collection":[{"href":"https:\/\/cube-real.estate\/en\/wp-json\/wp\/v2\/pages"}],"about":[{"href":"https:\/\/cube-real.estate\/en\/wp-json\/wp\/v2\/types\/page"}],"author":[{"embeddable":true,"href":"https:\/\/cube-real.estate\/en\/wp-json\/wp\/v2\/users\/11"}],"replies":[{"embeddable":true,"href":"https:\/\/cube-real.estate\/en\/wp-json\/wp\/v2\/comments?post=15140"}],"version-history":[{"count":1,"href":"https:\/\/cube-real.estate\/en\/wp-json\/wp\/v2\/pages\/15140\/revisions"}],"predecessor-version":[{"id":15144,"href":"https:\/\/cube-real.estate\/en\/wp-json\/wp\/v2\/pages\/15140\/revisions\/15144"}],"wp:featuredmedia":[{"embeddable":true,"href":"https:\/\/cube-real.estate\/en\/wp-json\/wp\/v2\/media\/14502"}],"wp:attachment":[{"href":"https:\/\/cube-real.estate\/en\/wp-json\/wp\/v2\/media?parent=15140"}],"wp:term":[{"taxonomy":"folder","embeddable":true,"href":"https:\/\/cube-real.estate\/en\/wp-json\/wp\/v2\/folder?post=15140"}],"curies":[{"name":"wp","href":"https:\/\/api.w.org\/{rel}","templated":true}]}}