{"id":14966,"date":"2021-06-11T15:31:21","date_gmt":"2021-06-11T13:31:21","guid":{"rendered":"https:\/\/cube-real.estate\/cube-real-estate-acquires-40000-square-meters-of-land-in-bonns-nordstadt-district\/"},"modified":"2025-07-14T09:38:51","modified_gmt":"2025-07-14T07:38:51","slug":"cube-real-estate-acquires-40000-square-meters-of-land-in-bonns-nordstadt-district","status":"publish","type":"page","link":"https:\/\/cube-real.estate\/en\/cube-real-estate-acquires-40000-square-meters-of-land-in-bonns-nordstadt-district\/","title":{"rendered":"Cube Real Estate acquires 40,000 square meters of land in Bonn&#8217;s Nordstadt district"},"content":{"rendered":"\n<style type=\"text\/css\" data-created_by=\"avia_inline_auto\" id=\"style-css-av-sy6p8-33b85340e7b185bc66e446080f7fd286\">\n.avia-section.av-sy6p8-33b85340e7b185bc66e446080f7fd286{\nbackground-repeat:no-repeat;\nbackground-image:url(https:\/\/cube-real.estate\/wp-content\/uploads\/2019\/11\/Header_Award_Seite.jpg);\nbackground-position:50% 100%;\nbackground-attachment:scroll;\n}\n<\/style>\n<div id='av_section_1'  class='avia-section av-sy6p8-33b85340e7b185bc66e446080f7fd286 main_color avia-section-default avia-no-border-styling  avia-builder-el-0  el_before_av_hr  avia-builder-el-first  avia-full-stretch avia-bg-style-scroll av-minimum-height av-minimum-height-custom  container_wrap fullsize'  data-section-bg-repeat='stretch' data-av_minimum_height_px='660'><div class='container av-section-cont-open' style='height:660px'><main  role=\"main\" itemprop=\"mainContentOfPage\"  class='template-page content  av-content-full alpha units'><div class='post-entry post-entry-type-page post-entry-14966'><div class='entry-content-wrapper clearfix'>\n\n<style type=\"text\/css\" data-created_by=\"avia_inline_auto\" id=\"style-css-av-s84l0-95cdefa52bbc63beef3a91ab84059305\">\n#top .av_textblock_section.av-s84l0-95cdefa52bbc63beef3a91ab84059305 .avia_textblock{\ncolor:#ffffff;\n}\n<\/style>\n<section  class='av_textblock_section av-s84l0-95cdefa52bbc63beef3a91ab84059305'  itemscope=\"itemscope\" itemtype=\"https:\/\/schema.org\/CreativeWork\" ><div class='avia_textblock headertext_projektdetail av_inherit_color'  itemprop=\"text\" ><h1 style=\"text-align: left;\">News<\/h1>\n<\/div><\/section>\n<\/div><\/div><\/main><!-- close content main element --><\/div><\/div><div id='after_section_1'  class='main_color av_default_container_wrap container_wrap fullsize'  ><div class='container av-section-cont-open' ><div class='template-page content  av-content-full alpha units'><div class='post-entry post-entry-type-page post-entry-14966'><div class='entry-content-wrapper clearfix'>\n\n<style type=\"text\/css\" data-created_by=\"avia_inline_auto\" id=\"style-css-av-rtws0-657c18d41ce5f8b5fc5027f034b24152\">\n#top .hr.hr-invisible.av-rtws0-657c18d41ce5f8b5fc5027f034b24152{\nheight:20px;\n}\n<\/style>\n<div  class='hr av-rtws0-657c18d41ce5f8b5fc5027f034b24152 hr-invisible  avia-builder-el-2  el_after_av_section  el_before_av_section  avia-builder-el-no-sibling '><span class='hr-inner '><span class=\"hr-inner-style\"><\/span><\/span><\/div>\n<\/div><\/div><\/div><!-- close content main div --><\/div><\/div><div id='av_section_2'  class='avia-section av-r4chg-1d77ca412d42f538c61232e1e2c2d16a main_color avia-section-default avia-no-border-styling  avia-builder-el-3  el_after_av_hr  avia-builder-el-last  avia-bg-style-scroll container_wrap fullsize'  ><div class='container av-section-cont-open' ><div class='template-page content  av-content-full alpha units'><div class='post-entry post-entry-type-page post-entry-14966'><div class='entry-content-wrapper clearfix'>\n\n<style type=\"text\/css\" data-created_by=\"avia_inline_auto\" id=\"style-css-av-86t2ug-3ab0ca004fa363f60ae1dc3b89636be4\">\n.flex_column.av-86t2ug-3ab0ca004fa363f60ae1dc3b89636be4{\n-webkit-border-radius:0px 0px 0px 0px;\n-moz-border-radius:0px 0px 0px 0px;\nborder-radius:0px 0px 0px 0px;\npadding:0px 0px 0px 0px;\n}\n<\/style>\n<div class='flex_column av-86t2ug-3ab0ca004fa363f60ae1dc3b89636be4 av_one_fifth  avia-builder-el-4  el_before_av_three_fifth  avia-builder-el-first  first flex_column_div av-zero-column-padding '     ><\/div>\n<style type=\"text\/css\" data-created_by=\"avia_inline_auto\" id=\"style-css-av-2lxfk-a5c5775184544bb9ed0b796b051bc593\">\n.flex_column.av-2lxfk-a5c5775184544bb9ed0b796b051bc593{\n-webkit-border-radius:0px 0px 0px 0px;\n-moz-border-radius:0px 0px 0px 0px;\nborder-radius:0px 0px 0px 0px;\npadding:0px 0px 0px 0px;\n}\n<\/style>\n<div class='flex_column av-2lxfk-a5c5775184544bb9ed0b796b051bc593 av_three_fifth  avia-builder-el-5  el_after_av_one_fifth  el_before_av_one_fifth  flex_column_div av-zero-column-padding '     ><section  class='av_textblock_section av-pg8d4-24ebf2125a925e3823a3b55bee672cd2'  itemscope=\"itemscope\" itemtype=\"https:\/\/schema.org\/CreativeWork\" ><div class='avia_textblock'  itemprop=\"text\" ><h1 style=\"text-align: center;\"><strong>Cube Real Estate acquires 40,000 square meters of land in Bonn&#8217;s Nordstadt district  <\/strong><\/h1>\n<\/div><\/section><br \/>\n<section  class='av_textblock_section av-pg8d4-24ebf2125a925e3823a3b55bee672cd2'  itemscope=\"itemscope\" itemtype=\"https:\/\/schema.org\/CreativeWork\" ><div class='avia_textblock'  itemprop=\"text\" ><p>&#8211; Leverkusen developer plans mixed-use urban quarter in the medium term<br \/>\n&#8211; Hydro Aluminium Deutschland GmbH and Hydro Aluminium Rolled Products GmbH (in future &#8220;Speira GmbH&#8221;) to remain at the site for three years<br \/>\n&#8211; Quarter concept focuses on sustainable living and working<\/p>\n<\/div><\/section><\/p><\/div>\n<style type=\"text\/css\" data-created_by=\"avia_inline_auto\" id=\"style-css-av-86t2ug-3ed0eec97c47addd2a361fa6e327781b\">\n.flex_column.av-86t2ug-3ed0eec97c47addd2a361fa6e327781b{\n-webkit-border-radius:0px 0px 0px 0px;\n-moz-border-radius:0px 0px 0px 0px;\nborder-radius:0px 0px 0px 0px;\npadding:0px 0px 0px 0px;\n}\n<\/style>\n<div class='flex_column av-86t2ug-3ed0eec97c47addd2a361fa6e327781b av_one_fifth  avia-builder-el-8  el_after_av_three_fifth  el_before_av_one_fifth  flex_column_div av-zero-column-padding '     ><\/div>\n<style type=\"text\/css\" data-created_by=\"avia_inline_auto\" id=\"style-css-av-86t2ug-3ab0ca004fa363f60ae1dc3b89636be4\">\n.flex_column.av-86t2ug-3ab0ca004fa363f60ae1dc3b89636be4{\n-webkit-border-radius:0px 0px 0px 0px;\n-moz-border-radius:0px 0px 0px 0px;\nborder-radius:0px 0px 0px 0px;\npadding:0px 0px 0px 0px;\n}\n<\/style>\n<div class='flex_column av-86t2ug-3ab0ca004fa363f60ae1dc3b89636be4 av_one_fifth  avia-builder-el-9  el_after_av_one_fifth  el_before_av_three_fifth  first flex_column_div av-zero-column-padding column-top-margin'     ><\/div>\n<style type=\"text\/css\" data-created_by=\"avia_inline_auto\" id=\"style-css-av-86t2ug-3ed0eec97c47addd2a361fa6e327781b\">\n.flex_column.av-86t2ug-3ed0eec97c47addd2a361fa6e327781b{\n-webkit-border-radius:0px 0px 0px 0px;\n-moz-border-radius:0px 0px 0px 0px;\nborder-radius:0px 0px 0px 0px;\npadding:0px 0px 0px 0px;\n}\n<\/style>\n<div class='flex_column av-86t2ug-3ed0eec97c47addd2a361fa6e327781b av_three_fifth  avia-builder-el-10  el_after_av_one_fifth  el_before_av_one_fifth  flex_column_div av-zero-column-padding column-top-margin'     ><style type=\"text\/css\" data-created_by=\"avia_inline_auto\" id=\"style-css-av-k3h6l7ll-a2d89aa2036c900b0f1779cd06f3f35f\">\n.avia-image-container.av-k3h6l7ll-a2d89aa2036c900b0f1779cd06f3f35f img.avia_image{\nbox-shadow:none;\n}\n.avia-image-container.av-k3h6l7ll-a2d89aa2036c900b0f1779cd06f3f35f .av-image-caption-overlay-center{\ncolor:#ffffff;\n}\n<\/style>\n<div  class='avia-image-container av-k3h6l7ll-a2d89aa2036c900b0f1779cd06f3f35f av-styling- avia-align-center  avia-builder-el-11  avia-builder-el-no-sibling '   itemprop=\"image\" itemscope=\"itemscope\" itemtype=\"https:\/\/schema.org\/ImageObject\" ><div class=\"avia-image-container-inner\"><div class=\"avia-image-overlay-wrap\"><img decoding=\"async\" class='wp-image-14175 avia-img-lazy-loading-not-14175 avia_image ' src=\"https:\/\/cube-real.estate\/wp-content\/uploads\/2021\/06\/Bonn-Hydro.jpg\" alt='' title='Bonn-Hydro'  height=\"666\" width=\"1000\"  itemprop=\"thumbnailUrl\" srcset=\"https:\/\/cube-real.estate\/wp-content\/uploads\/2021\/06\/Bonn-Hydro.jpg 1000w, https:\/\/cube-real.estate\/wp-content\/uploads\/2021\/06\/Bonn-Hydro-300x200.jpg 300w, https:\/\/cube-real.estate\/wp-content\/uploads\/2021\/06\/Bonn-Hydro-768x511.jpg 768w, https:\/\/cube-real.estate\/wp-content\/uploads\/2021\/06\/Bonn-Hydro-705x470.jpg 705w\" sizes=\"(max-width: 1000px) 100vw, 1000px\" \/><\/div><\/div><\/div><\/div>\n<style type=\"text\/css\" data-created_by=\"avia_inline_auto\" id=\"style-css-av-86t2ug-3ed0eec97c47addd2a361fa6e327781b\">\n.flex_column.av-86t2ug-3ed0eec97c47addd2a361fa6e327781b{\n-webkit-border-radius:0px 0px 0px 0px;\n-moz-border-radius:0px 0px 0px 0px;\nborder-radius:0px 0px 0px 0px;\npadding:0px 0px 0px 0px;\n}\n<\/style>\n<div class='flex_column av-86t2ug-3ed0eec97c47addd2a361fa6e327781b av_one_fifth  avia-builder-el-12  el_after_av_three_fifth  el_before_av_one_fifth  flex_column_div av-zero-column-padding column-top-margin'     ><\/div>\n<style type=\"text\/css\" data-created_by=\"avia_inline_auto\" id=\"style-css-av-65wjtk-78e9f9f57ed25c203ccdb2ce2687e796\">\n.flex_column.av-65wjtk-78e9f9f57ed25c203ccdb2ce2687e796{\n-webkit-border-radius:0px 0px 0px 0px;\n-moz-border-radius:0px 0px 0px 0px;\nborder-radius:0px 0px 0px 0px;\npadding:0px 0px 0px 0px;\n}\n<\/style>\n<div class='flex_column av-65wjtk-78e9f9f57ed25c203ccdb2ce2687e796 av_one_fifth  avia-builder-el-13  el_after_av_one_fifth  el_before_av_three_fifth  first flex_column_div av-zero-column-padding column-top-margin'     ><\/div>\n<style type=\"text\/css\" data-created_by=\"avia_inline_auto\" id=\"style-css-av-86t2ug-3ed0eec97c47addd2a361fa6e327781b\">\n.flex_column.av-86t2ug-3ed0eec97c47addd2a361fa6e327781b{\n-webkit-border-radius:0px 0px 0px 0px;\n-moz-border-radius:0px 0px 0px 0px;\nborder-radius:0px 0px 0px 0px;\npadding:0px 0px 0px 0px;\n}\n<\/style>\n<div class='flex_column av-86t2ug-3ed0eec97c47addd2a361fa6e327781b av_three_fifth  avia-builder-el-14  el_after_av_one_fifth  el_before_av_one_fifth  flex_column_div av-zero-column-padding column-top-margin'     ><section  class='av_textblock_section av-k38fxnf5-870f8053583aa0a9223325952d57956c'  itemscope=\"itemscope\" itemtype=\"https:\/\/schema.org\/CreativeWork\" ><div class='avia_textblock'  itemprop=\"text\" ><p><strong>Leverkusen, 09.06.2021<\/strong> &#8211; Cube Real Estate has acquired an approximately 40,000 square meter site in Bonn on Georg-von-Boeselager Stra\u00dfe &amp; Friedrich-W\u00f6hler-Stra\u00dfe from Hydro Aluminium Deutschland GmbH. The Leverkusen-based real estate developer plans to develop a predominantly commercial quarter at the site. The site in Bonn&#8217;s Nordstadt district is currently being used as a research and development location for a subsidiary belonging to the Hydro Group until 31.05.2021.<br \/>\nThe site will continue to be used by Hydro Aluminium Deutschland GmbH and the former Hydro Aluminium Rolled Products GmbH (in future &#8220;Speira GmbH&#8221;). &#8220;In the medium term, we are planning a district development with a predominantly commercial character at this location,&#8221; explains Jean-Marc Fey, Head of Acquisitions, Sales and Project Management at Cube Real Estate. The site is ideally suited for an urban quarter thanks to its infrastructural connections. Bonn city center is just a ten-minute drive away and the city&#8217;s university can be reached in 15 minutes.<br \/>\nCube Real Estate is also working on district concepts that focus on sustainable living and working. &#8220;For example, we are thinking about innovative energy supply concepts such as a power-to-gas solution for CO2-neutral energy supply using hydrogen,&#8221; explains Georg Codjambopoulo, Managing Director of Cube Easy-E.      <\/p>\n<p>The current acquisition is now the second project in Bonn for the Leverkusen-based real estate developer. Cube Real Estate is currently developing Cube Flag Factory 2141, a mixed-use urban quarter on the site of the former Bonn flag factory on R\u00f6merstrasse in the Graurheindorf district.<br \/>\nIn addition to the seller, Hydro Aluminium Deutschland GmbH, the future tenant Hydro Aluminium Rolled Products GmbH (Speira), the Bonn-based architectural firm Schommer, the law firm Loschelder, CMS Hasche Sigle and ECOVIS KSO from D\u00fcsseldorf and the brokerage firm Dr. L\u00fcbke &amp; Kelber were involved in the current transaction.<br \/>\nSpeira is a leading global manufacturer of advanced aluminum rolled products and produces around one million tons per year. Speira operates seven production facilities and a research and development center in Germany and Norway, including Alunorf, the world&#8217;s largest aluminum rolling mill, and Grevenbroich, the world&#8217;s largest finishing plant. Speira employs approximately 5,000 people, mainly in Germany and Norway. Speira is proud to supply some of the best known companies in the global automotive, packaging, printing, engineering, building and construction industries.<\/p>\n<\/div><\/section><\/div>\n<style type=\"text\/css\" data-created_by=\"avia_inline_auto\" id=\"style-css-av-65wjtk-8467d6369b55d81387d88d6d2d606f0a\">\n.flex_column.av-65wjtk-8467d6369b55d81387d88d6d2d606f0a{\n-webkit-border-radius:0px 0px 0px 0px;\n-moz-border-radius:0px 0px 0px 0px;\nborder-radius:0px 0px 0px 0px;\npadding:0px 0px 0px 0px;\n}\n<\/style>\n<div class='flex_column av-65wjtk-8467d6369b55d81387d88d6d2d606f0a av_one_fifth  avia-builder-el-16  el_after_av_three_fifth  el_before_av_one_fifth  flex_column_div av-zero-column-padding column-top-margin'     ><\/div>\n<style type=\"text\/css\" data-created_by=\"avia_inline_auto\" id=\"style-css-av-65wjtk-78e9f9f57ed25c203ccdb2ce2687e796\">\n.flex_column.av-65wjtk-78e9f9f57ed25c203ccdb2ce2687e796{\n-webkit-border-radius:0px 0px 0px 0px;\n-moz-border-radius:0px 0px 0px 0px;\nborder-radius:0px 0px 0px 0px;\npadding:0px 0px 0px 0px;\n}\n<\/style>\n<div class='flex_column av-65wjtk-78e9f9f57ed25c203ccdb2ce2687e796 av_one_fifth  avia-builder-el-17  el_after_av_one_fifth  el_before_av_three_fifth  first flex_column_div av-zero-column-padding column-top-margin'     ><\/div>\n<style type=\"text\/css\" data-created_by=\"avia_inline_auto\" id=\"style-css-av-65wjtk-8467d6369b55d81387d88d6d2d606f0a\">\n.flex_column.av-65wjtk-8467d6369b55d81387d88d6d2d606f0a{\n-webkit-border-radius:0px 0px 0px 0px;\n-moz-border-radius:0px 0px 0px 0px;\nborder-radius:0px 0px 0px 0px;\npadding:0px 0px 0px 0px;\n}\n<\/style>\n<div class='flex_column av-65wjtk-8467d6369b55d81387d88d6d2d606f0a av_three_fifth  avia-builder-el-18  el_after_av_one_fifth  el_before_av_one_fifth  flex_column_div av-zero-column-padding column-top-margin'     ><section  class='av_textblock_section av-kbs45k52-b1470be2527a412df6c5ec0ae9040ebd'  itemscope=\"itemscope\" itemtype=\"https:\/\/schema.org\/CreativeWork\" ><div class='avia_textblock'  itemprop=\"text\" ><p class=\"p1\"><b>Cube Real Estate GmbH<br \/>\n<\/b>&#8220;We love development&#8221; &#8211; three words that stand for conviction, passion and responsibility at <b>Cube Real Estate <\/b>. Since 2013, we have been setting standards in real estate project development with our cheeky, wild and wonderful 70-strong team. Our motivated employees and our committed business partners and investors are united by a passion for sustainable living spaces that are worthy of the name. This is why we are successfully realizing a project volume of currently 2 billion euros on our growth path.    With a focus on apartments as well as neighborhood and building land development, people are at the heart of everything we do. This applies to our parent company <b>Cube Real Estate <\/b>as well as to our subsidiaries <a href=\"https:\/\/www.cube-property.services\/\" target=\"_blank\" rel=\"noopener\"><b>Cube Property Services<\/b><\/a>, <a href=\"https:\/\/cube.life\/\" target=\"_blank\" rel=\"noopener\"><b>Cube Life <\/b><\/a>and<a href=\"https:\/\/cube-real.estate\/en\/easy-e\/\" target=\"_blank\" rel=\"noopener\"><b> Cube Easy-E<\/b><\/a>. The holistic playing field for the successful Cube team: the complete life cycle of real estate. <\/p>\n<p><b>Press contact<br \/>\n<\/b>Cube Real Estate GmbH<br \/>\nSimone Schroeder<br \/>\nPhone: +49 2171 75 34 114<br \/>\nMobile: +49 179 7620474<br \/>\nE-mail: <a href=\"mailto:schroeder@cube-real.estate\">schroeder@cube-real.estate<\/a><\/p>\n<\/div><\/section><\/div>\n<style type=\"text\/css\" data-created_by=\"avia_inline_auto\" id=\"style-css-av-65wjtk-8467d6369b55d81387d88d6d2d606f0a\">\n.flex_column.av-65wjtk-8467d6369b55d81387d88d6d2d606f0a{\n-webkit-border-radius:0px 0px 0px 0px;\n-moz-border-radius:0px 0px 0px 0px;\nborder-radius:0px 0px 0px 0px;\npadding:0px 0px 0px 0px;\n}\n<\/style>\n<div class='flex_column av-65wjtk-8467d6369b55d81387d88d6d2d606f0a av_one_fifth  avia-builder-el-20  el_after_av_three_fifth  avia-builder-el-last  flex_column_div av-zero-column-padding column-top-margin'     ><\/div>\n","protected":false},"excerpt":{"rendered":"","protected":false},"author":11,"featured_media":14175,"parent":0,"menu_order":0,"comment_status":"closed","ping_status":"closed","template":"","meta":{"inline_featured_image":false},"folder":[1003],"yoast_head":"<!-- This site is optimized with the Yoast SEO Premium plugin v20.12 (Yoast SEO v20.12) - https:\/\/yoast.com\/wordpress\/plugins\/seo\/ -->\n<title>Cube Real Estate acquires 40,000 square meters of land in Bonn&#039;s Nordstadt district<\/title>\n<meta name=\"description\" content=\"Cube Real Estate acquires 40,000 square meters of land in Bonn&#039;s Nordstadt district\" \/>\n<meta name=\"robots\" content=\"index, follow, max-snippet:-1, max-image-preview:large, max-video-preview:-1\" \/>\n<link rel=\"canonical\" href=\"https:\/\/cube-real.estate\/en\/cube-real-estate-acquires-40000-square-meters-of-land-in-bonns-nordstadt-district\/\" \/>\n<meta property=\"og:locale\" content=\"en_US\" \/>\n<meta property=\"og:type\" content=\"article\" \/>\n<meta property=\"og:title\" content=\"Cube Real Estate acquires 40,000 square meters of land in Bonn&#039;s Nordstadt district\" \/>\n<meta property=\"og:description\" content=\"Cube Real Estate acquires 40,000 square meters of land in Bonn&#039;s Nordstadt district\" \/>\n<meta property=\"og:url\" content=\"https:\/\/cube-real.estate\/en\/cube-real-estate-acquires-40000-square-meters-of-land-in-bonns-nordstadt-district\/\" \/>\n<meta property=\"og:site_name\" content=\"Cube Real Estate\" \/>\n<meta property=\"article:modified_time\" content=\"2025-07-14T07:38:51+00:00\" \/>\n<meta property=\"og:image\" content=\"https:\/\/cube-real.estate\/wp-content\/uploads\/2021\/02\/1920x1200_B8_CC378_KJ_web.jpg\" \/>\n<meta name=\"twitter:card\" content=\"summary_large_image\" \/>\n<meta name=\"twitter:label1\" content=\"Est. reading time\" \/>\n\t<meta name=\"twitter:data1\" content=\"12 minutes\" \/>\n<script type=\"application\/ld+json\" class=\"yoast-schema-graph\">{\"@context\":\"https:\/\/schema.org\",\"@graph\":[{\"@type\":\"WebPage\",\"@id\":\"https:\/\/cube-real.estate\/en\/cube-real-estate-acquires-40000-square-meters-of-land-in-bonns-nordstadt-district\/\",\"url\":\"https:\/\/cube-real.estate\/en\/cube-real-estate-acquires-40000-square-meters-of-land-in-bonns-nordstadt-district\/\",\"name\":\"Cube Real Estate acquires 40,000 square meters of land in Bonn's Nordstadt district\",\"isPartOf\":{\"@id\":\"https:\/\/cube-real.estate\/en\/#website\"},\"datePublished\":\"2021-06-11T13:31:21+00:00\",\"dateModified\":\"2025-07-14T07:38:51+00:00\",\"description\":\"Cube Real Estate acquires 40,000 square meters of land in Bonn's Nordstadt district\",\"breadcrumb\":{\"@id\":\"https:\/\/cube-real.estate\/en\/cube-real-estate-acquires-40000-square-meters-of-land-in-bonns-nordstadt-district\/#breadcrumb\"},\"inLanguage\":\"en-US\",\"potentialAction\":[{\"@type\":\"ReadAction\",\"target\":[\"https:\/\/cube-real.estate\/en\/cube-real-estate-acquires-40000-square-meters-of-land-in-bonns-nordstadt-district\/\"]}]},{\"@type\":\"BreadcrumbList\",\"@id\":\"https:\/\/cube-real.estate\/en\/cube-real-estate-acquires-40000-square-meters-of-land-in-bonns-nordstadt-district\/#breadcrumb\",\"itemListElement\":[{\"@type\":\"ListItem\",\"position\":1,\"name\":\"Startseite\",\"item\":\"https:\/\/cube-real.estate\/en\/startseite\/\"},{\"@type\":\"ListItem\",\"position\":2,\"name\":\"Cube Real Estate acquires 40,000 square meters of land in Bonn&#8217;s Nordstadt district\"}]},{\"@type\":\"WebSite\",\"@id\":\"https:\/\/cube-real.estate\/en\/#website\",\"url\":\"https:\/\/cube-real.estate\/en\/\",\"name\":\"Cube Real Estate\",\"description\":\"WE LOVE DEVELOPMENT\",\"potentialAction\":[{\"@type\":\"SearchAction\",\"target\":{\"@type\":\"EntryPoint\",\"urlTemplate\":\"https:\/\/cube-real.estate\/en\/?s={search_term_string}\"},\"query-input\":\"required name=search_term_string\"}],\"inLanguage\":\"en-US\"}]}<\/script>\n<!-- \/ Yoast SEO Premium plugin. -->","yoast_head_json":{"title":"Cube Real Estate acquires 40,000 square meters of land in Bonn's Nordstadt district","description":"Cube Real Estate acquires 40,000 square meters of land in Bonn's Nordstadt district","robots":{"index":"index","follow":"follow","max-snippet":"max-snippet:-1","max-image-preview":"max-image-preview:large","max-video-preview":"max-video-preview:-1"},"canonical":"https:\/\/cube-real.estate\/en\/cube-real-estate-acquires-40000-square-meters-of-land-in-bonns-nordstadt-district\/","og_locale":"en_US","og_type":"article","og_title":"Cube Real Estate acquires 40,000 square meters of land in Bonn's Nordstadt district","og_description":"Cube Real Estate acquires 40,000 square meters of land in Bonn's Nordstadt district","og_url":"https:\/\/cube-real.estate\/en\/cube-real-estate-acquires-40000-square-meters-of-land-in-bonns-nordstadt-district\/","og_site_name":"Cube Real Estate","article_modified_time":"2025-07-14T07:38:51+00:00","og_image":[{"url":"https:\/\/cube-real.estate\/wp-content\/uploads\/2021\/02\/1920x1200_B8_CC378_KJ_web.jpg"}],"twitter_card":"summary_large_image","twitter_misc":{"Est. reading time":"12 minutes"},"schema":{"@context":"https:\/\/schema.org","@graph":[{"@type":"WebPage","@id":"https:\/\/cube-real.estate\/en\/cube-real-estate-acquires-40000-square-meters-of-land-in-bonns-nordstadt-district\/","url":"https:\/\/cube-real.estate\/en\/cube-real-estate-acquires-40000-square-meters-of-land-in-bonns-nordstadt-district\/","name":"Cube Real Estate acquires 40,000 square meters of land in Bonn's Nordstadt district","isPartOf":{"@id":"https:\/\/cube-real.estate\/en\/#website"},"datePublished":"2021-06-11T13:31:21+00:00","dateModified":"2025-07-14T07:38:51+00:00","description":"Cube Real Estate acquires 40,000 square meters of land in Bonn's Nordstadt district","breadcrumb":{"@id":"https:\/\/cube-real.estate\/en\/cube-real-estate-acquires-40000-square-meters-of-land-in-bonns-nordstadt-district\/#breadcrumb"},"inLanguage":"en-US","potentialAction":[{"@type":"ReadAction","target":["https:\/\/cube-real.estate\/en\/cube-real-estate-acquires-40000-square-meters-of-land-in-bonns-nordstadt-district\/"]}]},{"@type":"BreadcrumbList","@id":"https:\/\/cube-real.estate\/en\/cube-real-estate-acquires-40000-square-meters-of-land-in-bonns-nordstadt-district\/#breadcrumb","itemListElement":[{"@type":"ListItem","position":1,"name":"Startseite","item":"https:\/\/cube-real.estate\/en\/startseite\/"},{"@type":"ListItem","position":2,"name":"Cube Real Estate acquires 40,000 square meters of land in Bonn&#8217;s Nordstadt district"}]},{"@type":"WebSite","@id":"https:\/\/cube-real.estate\/en\/#website","url":"https:\/\/cube-real.estate\/en\/","name":"Cube Real Estate","description":"WE LOVE DEVELOPMENT","potentialAction":[{"@type":"SearchAction","target":{"@type":"EntryPoint","urlTemplate":"https:\/\/cube-real.estate\/en\/?s={search_term_string}"},"query-input":"required name=search_term_string"}],"inLanguage":"en-US"}]}},"_links":{"self":[{"href":"https:\/\/cube-real.estate\/en\/wp-json\/wp\/v2\/pages\/14966"}],"collection":[{"href":"https:\/\/cube-real.estate\/en\/wp-json\/wp\/v2\/pages"}],"about":[{"href":"https:\/\/cube-real.estate\/en\/wp-json\/wp\/v2\/types\/page"}],"author":[{"embeddable":true,"href":"https:\/\/cube-real.estate\/en\/wp-json\/wp\/v2\/users\/11"}],"replies":[{"embeddable":true,"href":"https:\/\/cube-real.estate\/en\/wp-json\/wp\/v2\/comments?post=14966"}],"version-history":[{"count":1,"href":"https:\/\/cube-real.estate\/en\/wp-json\/wp\/v2\/pages\/14966\/revisions"}],"predecessor-version":[{"id":14970,"href":"https:\/\/cube-real.estate\/en\/wp-json\/wp\/v2\/pages\/14966\/revisions\/14970"}],"wp:featuredmedia":[{"embeddable":true,"href":"https:\/\/cube-real.estate\/en\/wp-json\/wp\/v2\/media\/14175"}],"wp:attachment":[{"href":"https:\/\/cube-real.estate\/en\/wp-json\/wp\/v2\/media?parent=14966"}],"wp:term":[{"taxonomy":"folder","embeddable":true,"href":"https:\/\/cube-real.estate\/en\/wp-json\/wp\/v2\/folder?post=14966"}],"curies":[{"name":"wp","href":"https:\/\/api.w.org\/{rel}","templated":true}]}}