{"id":14769,"date":"2020-03-23T14:25:18","date_gmt":"2020-03-23T13:25:18","guid":{"rendered":"https:\/\/cube-real.estate\/housing-is-one-of-the-most-crisis-proof-asset-classes-three-questions-for-tilman-gartmeier\/"},"modified":"2025-07-13T17:20:46","modified_gmt":"2025-07-13T15:20:46","slug":"housing-is-one-of-the-most-crisis-proof-asset-classes-three-questions-for-tilman-gartmeier","status":"publish","type":"page","link":"https:\/\/cube-real.estate\/en\/housing-is-one-of-the-most-crisis-proof-asset-classes-three-questions-for-tilman-gartmeier\/","title":{"rendered":"\u201cHousing is one of the most crisis-proof asset classes\u201d &#8211; Three questions for Tilman Gartmeier"},"content":{"rendered":"\n<style type=\"text\/css\" data-created_by=\"avia_inline_auto\" id=\"style-css-av-sy6p8-33b85340e7b185bc66e446080f7fd286\">\n.avia-section.av-sy6p8-33b85340e7b185bc66e446080f7fd286{\nbackground-repeat:no-repeat;\nbackground-image:url(https:\/\/cube-real.estate\/wp-content\/uploads\/2019\/11\/Header_Award_Seite.jpg);\nbackground-position:50% 100%;\nbackground-attachment:scroll;\n}\n<\/style>\n<div id='av_section_1'  class='avia-section av-sy6p8-33b85340e7b185bc66e446080f7fd286 main_color avia-section-default avia-no-border-styling  avia-builder-el-0  el_before_av_hr  avia-builder-el-first  avia-full-stretch avia-bg-style-scroll av-minimum-height av-minimum-height-custom  container_wrap fullsize'  data-section-bg-repeat='stretch' data-av_minimum_height_px='660'><div class='container av-section-cont-open' style='height:660px'><main  role=\"main\" itemprop=\"mainContentOfPage\"  class='template-page content  av-content-full alpha units'><div class='post-entry post-entry-type-page post-entry-14769'><div class='entry-content-wrapper clearfix'>\n\n<style type=\"text\/css\" data-created_by=\"avia_inline_auto\" id=\"style-css-av-s84l0-95cdefa52bbc63beef3a91ab84059305\">\n#top .av_textblock_section.av-s84l0-95cdefa52bbc63beef3a91ab84059305 .avia_textblock{\ncolor:#ffffff;\n}\n<\/style>\n<section  class='av_textblock_section av-s84l0-95cdefa52bbc63beef3a91ab84059305'  itemscope=\"itemscope\" itemtype=\"https:\/\/schema.org\/CreativeWork\" ><div class='avia_textblock headertext_projektdetail av_inherit_color'  itemprop=\"text\" ><h1 style=\"text-align: left;\">News<\/h1>\n<\/div><\/section>\n<\/div><\/div><\/main><!-- close content main element --><\/div><\/div><div id='after_section_1'  class='main_color av_default_container_wrap container_wrap fullsize'  ><div class='container av-section-cont-open' ><div class='template-page content  av-content-full alpha units'><div class='post-entry post-entry-type-page post-entry-14769'><div class='entry-content-wrapper clearfix'>\n\n<style type=\"text\/css\" data-created_by=\"avia_inline_auto\" id=\"style-css-av-rtws0-657c18d41ce5f8b5fc5027f034b24152\">\n#top .hr.hr-invisible.av-rtws0-657c18d41ce5f8b5fc5027f034b24152{\nheight:20px;\n}\n<\/style>\n<div  class='hr av-rtws0-657c18d41ce5f8b5fc5027f034b24152 hr-invisible  avia-builder-el-2  el_after_av_section  el_before_av_section  avia-builder-el-no-sibling '><span class='hr-inner '><span class=\"hr-inner-style\"><\/span><\/span><\/div>\n<\/div><\/div><\/div><!-- close content main div --><\/div><\/div><div id='av_section_2'  class='avia-section av-r4chg-1d77ca412d42f538c61232e1e2c2d16a main_color avia-section-default avia-no-border-styling  avia-builder-el-3  el_after_av_hr  avia-builder-el-last  avia-bg-style-scroll container_wrap fullsize'  ><div class='container av-section-cont-open' ><div class='template-page content  av-content-full alpha units'><div class='post-entry post-entry-type-page post-entry-14769'><div class='entry-content-wrapper clearfix'>\n\n<style type=\"text\/css\" data-created_by=\"avia_inline_auto\" id=\"style-css-av-86t2ug-3ab0ca004fa363f60ae1dc3b89636be4\">\n.flex_column.av-86t2ug-3ab0ca004fa363f60ae1dc3b89636be4{\n-webkit-border-radius:0px 0px 0px 0px;\n-moz-border-radius:0px 0px 0px 0px;\nborder-radius:0px 0px 0px 0px;\npadding:0px 0px 0px 0px;\n}\n<\/style>\n<div class='flex_column av-86t2ug-3ab0ca004fa363f60ae1dc3b89636be4 av_one_fifth  avia-builder-el-4  el_before_av_three_fifth  avia-builder-el-first  first flex_column_div av-zero-column-padding '     ><\/div>\n<style type=\"text\/css\" data-created_by=\"avia_inline_auto\" id=\"style-css-av-2lxfk-a5c5775184544bb9ed0b796b051bc593\">\n.flex_column.av-2lxfk-a5c5775184544bb9ed0b796b051bc593{\n-webkit-border-radius:0px 0px 0px 0px;\n-moz-border-radius:0px 0px 0px 0px;\nborder-radius:0px 0px 0px 0px;\npadding:0px 0px 0px 0px;\n}\n<\/style>\n<div class='flex_column av-2lxfk-a5c5775184544bb9ed0b796b051bc593 av_three_fifth  avia-builder-el-5  el_after_av_one_fifth  el_before_av_one_fifth  flex_column_div av-zero-column-padding '     ><section  class='av_textblock_section av-pg8d4-ae39e5ee0d9f74b974741acaad225fc8'  itemscope=\"itemscope\" itemtype=\"https:\/\/schema.org\/CreativeWork\" ><div class='avia_textblock'  itemprop=\"text\" ><h1 style=\"text-align: center;\">\u201cHousing is one of the most crisis-proof asset classes\u201d<\/h1>\n<\/div><\/section><br \/>\n<section  class='av_textblock_section av-pg8d4-ae39e5ee0d9f74b974741acaad225fc8'  itemscope=\"itemscope\" itemtype=\"https:\/\/schema.org\/CreativeWork\" ><div class='avia_textblock'  itemprop=\"text\" ><h2 style=\"text-align: center;\"><b>An interview with Tilman Gartmeier, founder and managing director of Cube Real Estate<\/b><\/h2>\n<\/div><\/section><\/p><\/div>\n<style type=\"text\/css\" data-created_by=\"avia_inline_auto\" id=\"style-css-av-86t2ug-3ed0eec97c47addd2a361fa6e327781b\">\n.flex_column.av-86t2ug-3ed0eec97c47addd2a361fa6e327781b{\n-webkit-border-radius:0px 0px 0px 0px;\n-moz-border-radius:0px 0px 0px 0px;\nborder-radius:0px 0px 0px 0px;\npadding:0px 0px 0px 0px;\n}\n<\/style>\n<div class='flex_column av-86t2ug-3ed0eec97c47addd2a361fa6e327781b av_one_fifth  avia-builder-el-8  el_after_av_three_fifth  el_before_av_one_fifth  flex_column_div av-zero-column-padding '     ><\/div>\n<style type=\"text\/css\" data-created_by=\"avia_inline_auto\" id=\"style-css-av-86t2ug-3ab0ca004fa363f60ae1dc3b89636be4\">\n.flex_column.av-86t2ug-3ab0ca004fa363f60ae1dc3b89636be4{\n-webkit-border-radius:0px 0px 0px 0px;\n-moz-border-radius:0px 0px 0px 0px;\nborder-radius:0px 0px 0px 0px;\npadding:0px 0px 0px 0px;\n}\n<\/style>\n<div class='flex_column av-86t2ug-3ab0ca004fa363f60ae1dc3b89636be4 av_one_fifth  avia-builder-el-9  el_after_av_one_fifth  el_before_av_three_fifth  first flex_column_div av-zero-column-padding column-top-margin'     ><\/div>\n<style type=\"text\/css\" data-created_by=\"avia_inline_auto\" id=\"style-css-av-86t2ug-3ed0eec97c47addd2a361fa6e327781b\">\n.flex_column.av-86t2ug-3ed0eec97c47addd2a361fa6e327781b{\n-webkit-border-radius:0px 0px 0px 0px;\n-moz-border-radius:0px 0px 0px 0px;\nborder-radius:0px 0px 0px 0px;\npadding:0px 0px 0px 0px;\n}\n<\/style>\n<div class='flex_column av-86t2ug-3ed0eec97c47addd2a361fa6e327781b av_three_fifth  avia-builder-el-10  el_after_av_one_fifth  el_before_av_one_fifth  flex_column_div av-zero-column-padding column-top-margin'     ><style type=\"text\/css\" data-created_by=\"avia_inline_auto\" id=\"style-css-av-k3h6l7ll-878eb42b95b3a76703b658216d2e7b56\">\n.avia-image-container.av-k3h6l7ll-878eb42b95b3a76703b658216d2e7b56 img.avia_image{\nbox-shadow:none;\n}\n.avia-image-container.av-k3h6l7ll-878eb42b95b3a76703b658216d2e7b56 .av-image-caption-overlay-center{\ncolor:#ffffff;\n}\n<\/style>\n<div  class='avia-image-container av-k3h6l7ll-878eb42b95b3a76703b658216d2e7b56 av-styling- avia-align-center  avia-builder-el-11  avia-builder-el-no-sibling '   itemprop=\"image\" itemscope=\"itemscope\" itemtype=\"https:\/\/schema.org\/ImageObject\" ><div class=\"avia-image-container-inner\"><div class=\"avia-image-overlay-wrap\"><img decoding=\"async\" class='wp-image-13948 avia-img-lazy-loading-not-13948 avia_image ' src=\"https:\/\/cube-real.estate\/wp-content\/uploads\/2020\/03\/C18I0277-1030x693.jpg\" alt='Tilman Gartmeier, Gesch\u00e4ftsf\u00fchrer und Gr\u00fcnder der Cube Real Estate GmbH' title='Tilman Gartmeier, Gr\u00fcnder und Gesch\u00e4ftsf\u00fchrer der Cube Real Estate GmbH'  height=\"693\" width=\"1030\"  itemprop=\"thumbnailUrl\" srcset=\"https:\/\/cube-real.estate\/wp-content\/uploads\/2020\/03\/C18I0277-1030x693.jpg 1030w, https:\/\/cube-real.estate\/wp-content\/uploads\/2020\/03\/C18I0277-300x202.jpg 300w, https:\/\/cube-real.estate\/wp-content\/uploads\/2020\/03\/C18I0277-768x516.jpg 768w, https:\/\/cube-real.estate\/wp-content\/uploads\/2020\/03\/C18I0277-705x474.jpg 705w, https:\/\/cube-real.estate\/wp-content\/uploads\/2020\/03\/C18I0277-450x303.jpg 450w, https:\/\/cube-real.estate\/wp-content\/uploads\/2020\/03\/C18I0277.jpg 1044w\" sizes=\"(max-width: 1030px) 100vw, 1030px\" \/><\/div><\/div><\/div><\/div>\n<style type=\"text\/css\" data-created_by=\"avia_inline_auto\" id=\"style-css-av-86t2ug-3ed0eec97c47addd2a361fa6e327781b\">\n.flex_column.av-86t2ug-3ed0eec97c47addd2a361fa6e327781b{\n-webkit-border-radius:0px 0px 0px 0px;\n-moz-border-radius:0px 0px 0px 0px;\nborder-radius:0px 0px 0px 0px;\npadding:0px 0px 0px 0px;\n}\n<\/style>\n<div class='flex_column av-86t2ug-3ed0eec97c47addd2a361fa6e327781b av_one_fifth  avia-builder-el-12  el_after_av_three_fifth  el_before_av_one_fifth  flex_column_div av-zero-column-padding column-top-margin'     ><\/div>\n<style type=\"text\/css\" data-created_by=\"avia_inline_auto\" id=\"style-css-av-86t2ug-3ab0ca004fa363f60ae1dc3b89636be4\">\n.flex_column.av-86t2ug-3ab0ca004fa363f60ae1dc3b89636be4{\n-webkit-border-radius:0px 0px 0px 0px;\n-moz-border-radius:0px 0px 0px 0px;\nborder-radius:0px 0px 0px 0px;\npadding:0px 0px 0px 0px;\n}\n<\/style>\n<div class='flex_column av-86t2ug-3ab0ca004fa363f60ae1dc3b89636be4 av_one_fifth  avia-builder-el-13  el_after_av_one_fifth  el_before_av_three_fifth  first flex_column_div av-zero-column-padding column-top-margin'     ><\/div>\n<style type=\"text\/css\" data-created_by=\"avia_inline_auto\" id=\"style-css-av-86t2ug-3ed0eec97c47addd2a361fa6e327781b\">\n.flex_column.av-86t2ug-3ed0eec97c47addd2a361fa6e327781b{\n-webkit-border-radius:0px 0px 0px 0px;\n-moz-border-radius:0px 0px 0px 0px;\nborder-radius:0px 0px 0px 0px;\npadding:0px 0px 0px 0px;\n}\n<\/style>\n<div class='flex_column av-86t2ug-3ed0eec97c47addd2a361fa6e327781b av_three_fifth  avia-builder-el-14  el_after_av_one_fifth  el_before_av_one_fifth  flex_column_div av-zero-column-padding column-top-margin'     ><section  class='av_textblock_section av-k38fxnf5-85e54ad943170f088ca2f0cff094a388'  itemscope=\"itemscope\" itemtype=\"https:\/\/schema.org\/CreativeWork\" ><div class='avia_textblock'  itemprop=\"text\" ><p><strong>One week, everything different? How does Tilman Gartmeier sum up the first week after the ever stricter government restrictions to protect the population and look to the future? <\/strong><\/p>\n<p>This week has demanded a lot from all of us. No one was prepared for a case like this. At Cube Real Estate, we are a team of 50 motivated and committed employees. Our management is currently doing everything it can to navigate our previously successful business through this time as unscathed as possible. We are doing this with a great deal of social responsibility for our team and responsibility for our projects and business partners. This is no easy task. But the good teamwork gives me hope and courage. I sense a great deal of openness to taking unconventional paths if they lead to a good solution.       <\/p>\n<p>I think that as difficult as the current situation is, we can manage it and will take positive learning effects with us into the future. I&#8217;m also impressed by how quickly our entire team has made the transition from \u201cworking in the office\u201d to \u201cmobile or working from home\u201d. We are also currently working on new process digitalization and are bringing forward software launches that were originally planned for the third and fourth quarters of 2020. Perhaps we can at least take something positive out of the current times.   <\/p>\n<p><strong>The development of residential space in particular has not lost any of its importance as a result of the pandemic. The real estate industry remains an important factor in society. But are there perhaps some Achilles&#8217; heels that all players need to pay particular attention to in order to ensure the stability of the industry?  <\/strong><\/p>\n<p>They do indeed exist. One of these critical factors is time. For example, our subcontractors are currently struggling to procure materials for some projects. This makes it difficult to continue to adhere to well-planned processes. Time hurts us financially. All partners must therefore pull together and everyone must be prepared to make concessions. Although the demand for housing is currently taking a back seat in public perception, the market is still there and has lost none of its importance for our industry and society. On the contrary: the residential asset class remains an increasingly attractive, stable investment option for investors, as it fulfills an important basic human need. In other words, you could say that housing is one of the most crisis-proof asset classes!        <\/p>\n<p>What is important to me is that the current situation is not limited to our industry or individual market participants. This exogenous, negative influence affects all market participants, albeit to varying degrees. However, it is clear that it was not triggered by supply or demand. It cannot therefore be assumed that long-term stability is in question. The order of the day: we must remain calm and not be alarmed by the prophecies of supposed experts.    <\/p>\n<p><strong>You can learn something for the future from every negative experience. What lessons has Tilman Gartmeier learned after the first few days of the social change that is currently taking place? <\/strong><\/p>\n<p>Community counts more than ever in these times and together we can achieve a lot with prudence, understanding for others and responsibility for common goals!<\/p>\n<\/div><\/section><\/div>\n<style type=\"text\/css\" data-created_by=\"avia_inline_auto\" id=\"style-css-av-65wjtk-8467d6369b55d81387d88d6d2d606f0a\">\n.flex_column.av-65wjtk-8467d6369b55d81387d88d6d2d606f0a{\n-webkit-border-radius:0px 0px 0px 0px;\n-moz-border-radius:0px 0px 0px 0px;\nborder-radius:0px 0px 0px 0px;\npadding:0px 0px 0px 0px;\n}\n<\/style>\n<div class='flex_column av-65wjtk-8467d6369b55d81387d88d6d2d606f0a av_one_fifth  avia-builder-el-16  el_after_av_three_fifth  avia-builder-el-last  flex_column_div av-zero-column-padding column-top-margin'     ><\/div>\n","protected":false},"excerpt":{"rendered":"","protected":false},"author":1,"featured_media":0,"parent":0,"menu_order":0,"comment_status":"closed","ping_status":"closed","template":"","meta":{"inline_featured_image":false},"folder":[1003],"yoast_head":"<!-- This site is optimized with the Yoast SEO Premium plugin v20.12 (Yoast SEO v20.12) - https:\/\/yoast.com\/wordpress\/plugins\/seo\/ -->\n<title>\u201cHousing is one of the most crisis-proof asset classes\u201d<\/title>\n<meta name=\"description\" content=\"Three questions for Tilman Gartmeier, founder and Managing Director of Cube Real Estate GmbH: \u201cHousing is one of the most crisis-proof asset classes\u201d\" \/>\n<meta name=\"robots\" content=\"index, follow, max-snippet:-1, max-image-preview:large, max-video-preview:-1\" \/>\n<link rel=\"canonical\" href=\"https:\/\/cube-real.estate\/en\/housing-is-one-of-the-most-crisis-proof-asset-classes-three-questions-for-tilman-gartmeier\/\" \/>\n<meta property=\"og:locale\" content=\"en_US\" \/>\n<meta property=\"og:type\" content=\"article\" \/>\n<meta property=\"og:title\" content=\"\u201cHousing is one of the most crisis-proof asset classes\u201d - Three questions for Tilman Gartmeier\" \/>\n<meta property=\"og:description\" content=\"How does Tilman Gartmeier sum up the first week after ever stricter government restrictions to protect the population and look to the future? An interview with the founder of Cube Real Estate GmbH.\" \/>\n<meta property=\"og:url\" content=\"https:\/\/cube-real.estate\/en\/housing-is-one-of-the-most-crisis-proof-asset-classes-three-questions-for-tilman-gartmeier\/\" \/>\n<meta property=\"og:site_name\" content=\"Cube Real Estate\" \/>\n<meta property=\"article:modified_time\" content=\"2025-07-13T15:20:46+00:00\" \/>\n<meta property=\"og:image\" content=\"https:\/\/cube-real.estate\/wp-content\/uploads\/2020\/03\/C18I0277.jpg\" \/>\n<meta name=\"twitter:card\" content=\"summary_large_image\" \/>\n<meta name=\"twitter:title\" content=\"\u201cHousing is one of the most crisis-proof asset classes\u201d - Three questions for Tilman Gartmeier\" \/>\n<meta name=\"twitter:label1\" content=\"Est. reading time\" \/>\n\t<meta name=\"twitter:data1\" content=\"10 minutes\" \/>\n<script type=\"application\/ld+json\" class=\"yoast-schema-graph\">{\"@context\":\"https:\/\/schema.org\",\"@graph\":[{\"@type\":\"WebPage\",\"@id\":\"https:\/\/cube-real.estate\/en\/housing-is-one-of-the-most-crisis-proof-asset-classes-three-questions-for-tilman-gartmeier\/\",\"url\":\"https:\/\/cube-real.estate\/en\/housing-is-one-of-the-most-crisis-proof-asset-classes-three-questions-for-tilman-gartmeier\/\",\"name\":\"\u201cHousing is one of the most crisis-proof asset classes\u201d\",\"isPartOf\":{\"@id\":\"https:\/\/cube-real.estate\/en\/#website\"},\"datePublished\":\"2020-03-23T13:25:18+00:00\",\"dateModified\":\"2025-07-13T15:20:46+00:00\",\"description\":\"Three questions for Tilman Gartmeier, founder and Managing Director of Cube Real Estate GmbH: \u201cHousing is one of the most crisis-proof asset classes\u201d\",\"breadcrumb\":{\"@id\":\"https:\/\/cube-real.estate\/en\/housing-is-one-of-the-most-crisis-proof-asset-classes-three-questions-for-tilman-gartmeier\/#breadcrumb\"},\"inLanguage\":\"en-US\",\"potentialAction\":[{\"@type\":\"ReadAction\",\"target\":[\"https:\/\/cube-real.estate\/en\/housing-is-one-of-the-most-crisis-proof-asset-classes-three-questions-for-tilman-gartmeier\/\"]}]},{\"@type\":\"BreadcrumbList\",\"@id\":\"https:\/\/cube-real.estate\/en\/housing-is-one-of-the-most-crisis-proof-asset-classes-three-questions-for-tilman-gartmeier\/#breadcrumb\",\"itemListElement\":[{\"@type\":\"ListItem\",\"position\":1,\"name\":\"Startseite\",\"item\":\"https:\/\/cube-real.estate\/en\/startseite\/\"},{\"@type\":\"ListItem\",\"position\":2,\"name\":\"\u201cHousing is one of the most crisis-proof asset classes\u201d &#8211; Three questions for Tilman Gartmeier\"}]},{\"@type\":\"WebSite\",\"@id\":\"https:\/\/cube-real.estate\/en\/#website\",\"url\":\"https:\/\/cube-real.estate\/en\/\",\"name\":\"Cube Real Estate\",\"description\":\"WE LOVE DEVELOPMENT\",\"potentialAction\":[{\"@type\":\"SearchAction\",\"target\":{\"@type\":\"EntryPoint\",\"urlTemplate\":\"https:\/\/cube-real.estate\/en\/?s={search_term_string}\"},\"query-input\":\"required name=search_term_string\"}],\"inLanguage\":\"en-US\"}]}<\/script>\n<!-- \/ Yoast SEO Premium plugin. -->","yoast_head_json":{"title":"\u201cHousing is one of the most crisis-proof asset classes\u201d","description":"Three questions for Tilman Gartmeier, founder and Managing Director of Cube Real Estate GmbH: \u201cHousing is one of the most crisis-proof asset classes\u201d","robots":{"index":"index","follow":"follow","max-snippet":"max-snippet:-1","max-image-preview":"max-image-preview:large","max-video-preview":"max-video-preview:-1"},"canonical":"https:\/\/cube-real.estate\/en\/housing-is-one-of-the-most-crisis-proof-asset-classes-three-questions-for-tilman-gartmeier\/","og_locale":"en_US","og_type":"article","og_title":"\u201cHousing is one of the most crisis-proof asset classes\u201d - Three questions for Tilman Gartmeier","og_description":"How does Tilman Gartmeier sum up the first week after ever stricter government restrictions to protect the population and look to the future? An interview with the founder of Cube Real Estate GmbH.","og_url":"https:\/\/cube-real.estate\/en\/housing-is-one-of-the-most-crisis-proof-asset-classes-three-questions-for-tilman-gartmeier\/","og_site_name":"Cube Real Estate","article_modified_time":"2025-07-13T15:20:46+00:00","og_image":[{"url":"https:\/\/cube-real.estate\/wp-content\/uploads\/2020\/03\/C18I0277.jpg"}],"twitter_card":"summary_large_image","twitter_title":"\u201cHousing is one of the most crisis-proof asset classes\u201d - Three questions for Tilman Gartmeier","twitter_misc":{"Est. reading time":"10 minutes"},"schema":{"@context":"https:\/\/schema.org","@graph":[{"@type":"WebPage","@id":"https:\/\/cube-real.estate\/en\/housing-is-one-of-the-most-crisis-proof-asset-classes-three-questions-for-tilman-gartmeier\/","url":"https:\/\/cube-real.estate\/en\/housing-is-one-of-the-most-crisis-proof-asset-classes-three-questions-for-tilman-gartmeier\/","name":"\u201cHousing is one of the most crisis-proof asset classes\u201d","isPartOf":{"@id":"https:\/\/cube-real.estate\/en\/#website"},"datePublished":"2020-03-23T13:25:18+00:00","dateModified":"2025-07-13T15:20:46+00:00","description":"Three questions for Tilman Gartmeier, founder and Managing Director of Cube Real Estate GmbH: \u201cHousing is one of the most crisis-proof asset classes\u201d","breadcrumb":{"@id":"https:\/\/cube-real.estate\/en\/housing-is-one-of-the-most-crisis-proof-asset-classes-three-questions-for-tilman-gartmeier\/#breadcrumb"},"inLanguage":"en-US","potentialAction":[{"@type":"ReadAction","target":["https:\/\/cube-real.estate\/en\/housing-is-one-of-the-most-crisis-proof-asset-classes-three-questions-for-tilman-gartmeier\/"]}]},{"@type":"BreadcrumbList","@id":"https:\/\/cube-real.estate\/en\/housing-is-one-of-the-most-crisis-proof-asset-classes-three-questions-for-tilman-gartmeier\/#breadcrumb","itemListElement":[{"@type":"ListItem","position":1,"name":"Startseite","item":"https:\/\/cube-real.estate\/en\/startseite\/"},{"@type":"ListItem","position":2,"name":"\u201cHousing is one of the most crisis-proof asset classes\u201d &#8211; Three questions for Tilman Gartmeier"}]},{"@type":"WebSite","@id":"https:\/\/cube-real.estate\/en\/#website","url":"https:\/\/cube-real.estate\/en\/","name":"Cube Real Estate","description":"WE LOVE DEVELOPMENT","potentialAction":[{"@type":"SearchAction","target":{"@type":"EntryPoint","urlTemplate":"https:\/\/cube-real.estate\/en\/?s={search_term_string}"},"query-input":"required name=search_term_string"}],"inLanguage":"en-US"}]}},"_links":{"self":[{"href":"https:\/\/cube-real.estate\/en\/wp-json\/wp\/v2\/pages\/14769"}],"collection":[{"href":"https:\/\/cube-real.estate\/en\/wp-json\/wp\/v2\/pages"}],"about":[{"href":"https:\/\/cube-real.estate\/en\/wp-json\/wp\/v2\/types\/page"}],"author":[{"embeddable":true,"href":"https:\/\/cube-real.estate\/en\/wp-json\/wp\/v2\/users\/1"}],"replies":[{"embeddable":true,"href":"https:\/\/cube-real.estate\/en\/wp-json\/wp\/v2\/comments?post=14769"}],"version-history":[{"count":2,"href":"https:\/\/cube-real.estate\/en\/wp-json\/wp\/v2\/pages\/14769\/revisions"}],"predecessor-version":[{"id":14771,"href":"https:\/\/cube-real.estate\/en\/wp-json\/wp\/v2\/pages\/14769\/revisions\/14771"}],"wp:attachment":[{"href":"https:\/\/cube-real.estate\/en\/wp-json\/wp\/v2\/media?parent=14769"}],"wp:term":[{"taxonomy":"folder","embeddable":true,"href":"https:\/\/cube-real.estate\/en\/wp-json\/wp\/v2\/folder?post=14769"}],"curies":[{"name":"wp","href":"https:\/\/api.w.org\/{rel}","templated":true}]}}